{"id":4615,"date":"2026-02-18T13:32:23","date_gmt":"2026-02-18T10:32:23","guid":{"rendered":"https:\/\/daugavpils.partneribas.lv\/?page_id=4615"},"modified":"2026-03-30T10:24:11","modified_gmt":"2026-03-30T07:24:11","slug":"8-karta","status":"publish","type":"page","link":"https:\/\/daugavpils.partneribas.lv\/?page_id=4615","title":{"rendered":"8.k\u0101rta"},"content":{"rendered":"\n<p>Biedr\u012bba \u201cPartner\u012bba \u201cKaimi\u0146i\u201d\u201d izsludina atkl\u0101tu projektu iesniegumu pie\u0146em\u0161anas&nbsp;<strong>8.k\u0101rtu<\/strong>&nbsp;Eiropas Savien\u012bbas Eiropas Lauksaimniec\u012bbas fonda lauku att\u012bst\u012bbai Kop\u0113j\u0101s lauksaimniec\u012bbas politikas strat\u0113\u0123isk\u0101 pl\u0101na 2023. \u2013 2027.gadam intervences LA19 \u201cDarb\u012bbu \u012bsteno\u0161ana saska\u0146\u0101 ar sabiedr\u012bbas virz\u012btas viet\u0113j\u0101s att\u012bst\u012bbas strat\u0113\u0123iju, tostarp sadarb\u012bbas aktivit\u0101tes un to sagatavo\u0161ana\u201d aktivit\u0101t\u0113 \u201cViet\u0113j\u0101s ekonomikas stiprin\u0101\u0161anas iniciat\u012bvas\u201d.<\/p>\n\n\n\n<p><strong>Projektu iesniegumu pie\u0146em\u0161anas termi\u0146\u0161:<\/strong>&nbsp;20.03.2026. \u2013 18.04.2026<\/p>\n\n\n\n<p><strong>K\u0101rtas kop\u0113jais finans\u0113jums:<\/strong>&nbsp;301&nbsp;740.63&nbsp;EUR<\/p>\n\n\n\n<p><strong>Izsludin\u0101t\u0101 r\u012bc\u012bba:<\/strong>&nbsp;<strong>M1\/R1<\/strong>viet\u0113jo uz\u0146\u0113m\u0113ju atbalsts un&nbsp;<strong>M1\/R2&nbsp;<\/strong>atbalsts t\u016brisma pakalpojumu un produktu kvalit\u0101tes uzlabo\u0161anai un da\u017e\u0101do\u0161anai<\/p>\n\n\n\n<p><strong>Projektu \u012bsteno\u0161anas teritorija<\/strong>: Aug\u0161daugavas novads<\/p>\n\n\n\n<p><strong>Projektu \u012bsteno\u0161anas termi\u0146\u0161:<\/strong><\/p>\n\n\n\n<p>a) ja tiek veikta b\u016bvniec\u012bba \u2013&nbsp;<strong>divi gadi<\/strong>&nbsp;no Lauku atbalsta dienesta (turpm\u0101k- LAD) l\u0113muma pie\u0146em\u0161anas par projekta iesnieguma apstiprin\u0101\u0161anu;<\/p>\n\n\n\n<p>b) p\u0101r\u0113jiem projektiem \u2013<strong>viens gads<\/strong>&nbsp;no LAD l\u0113muma pie\u0146em\u0161anas par projekta iesnieguma apstiprin\u0101\u0161anu.<\/p>\n\n\n\n<p><strong>LEADER pieteikuma veidlapas aizpild\u012b\u0161anas semin\u0101ra ieraksts no 24.03.2026: <\/strong><a href=\"https:\/\/www.youtube.com\/watch?v=3IHPlwzw56g\">https:\/\/www.youtube.com\/watch?v=3IHPlwzw56g<\/a><\/p>\n\n\n\n<figure class=\"wp-block-table\"><table class=\"has-fixed-layout\"><tbody><tr><td><strong>R\u012bc\u012bba<\/strong><\/td><td><strong>R1 viet\u0113jo uz\u0146\u0113m\u0113ju atbalsts<\/strong><\/td><\/tr><tr><td>Atbalsta apm\u0113rs<\/td><td>135&nbsp;464.52 EUR<\/td><\/tr><tr><td>Atbilsto\u0161\u0101 MK Noteikumu Nr.580 10. punkt\u0101 min\u0113t\u0101 darb\u012bba<\/td><td>10. Aktivit\u0101t\u0113 \u201cViet\u0113j\u0101s ekonomikas stiprin\u0101\u0161anas iniciat\u012bvas\u201d atbilsto\u0161i viet\u0113j\u0101s att\u012bst\u012bbas strat\u0113\u0123ijai atbalstu sniedz \u0161\u0101d\u0101m darb\u012bb\u0101m, kas \u012bstenotas atsevi\u0161\u0137i vai kop\u0101: 10.1. produktu un pakalpojumu rad\u012b\u0161ana, eso\u0161o produktu un pakalpojumu att\u012bst\u012b\u0161ana, to realiz\u0113\u0161ana tirg\u016b, atpaz\u012bstam\u012bbas t\u0113la veido\u0161ana, kvalitat\u012bvu darba apst\u0101k\u013cu rad\u012b\u0161ana un darbinieku produktivit\u0101tes k\u0101pin\u0101\u0161ana; 10.2. produkcijas realiz\u0113\u0161anai paredz\u0113tas vides rad\u012b\u0161ana vai labiek\u0101rto\u0161ana, k\u0101 ar\u012b jaunu realiz\u0101cijas veidu ievie\u0161ana un to atpaz\u012bstam\u012bbas t\u0113la veido\u0161ana.<\/td><\/tr><tr><td>&nbsp; &nbsp; &nbsp; &nbsp; &nbsp; &nbsp; &nbsp; &nbsp; &nbsp; &nbsp; R\u012bc\u012bbas apraksts<\/td><td>R\u012bc\u012bbas ietvaros paredz\u0113ts atbalst\u012bt nelauksaimniecisko uz\u0146\u0113m\u0113jdarb\u012bbu, lauksaimniec\u012bbas produktu p\u0101rstr\u0101des uz\u0146\u0113mumus. Atbalsts tiks sniegts jaunu produktu un pakalpojumus rad\u012b\u0161anai un att\u012bst\u012b\u0161anai, eso\u0161o produktu un pakalpojumu att\u012bst\u012b\u0161anai, to realiz\u0113\u0161anai tirg\u016b. Tiks atbalst\u012bti uz\u0146\u0113m\u0113ji un darba \u0146\u0113m\u0113ji, kuriem b\u016bs nepiecie\u0161amas zin\u0101\u0161anas, lai var\u0113tu ieviest jaunas tehnolo\u0123ijas, paaugstin\u0101t produktivit\u0101ti un produktu vai pakalpojumu kvalit\u0101ti, tai skait\u0101 nodro\u0161inot m\u0101c\u012bbas darbiniekiem. K\u0101 priorit\u0101ri atbalsts tiks sniegts \u0161\u0101d\u0101s jom\u0101s: 1. Jaunajiem komersantiem, kas uzs\u0101ks uz\u0146\u0113m\u0113jdarb\u012bbu VRG teritorij\u0101; 2. Ra\u017eo\u0161anas uz\u0146\u0113mumiem, kas \u012bsteno inovat\u012bvus projektus un pakalpojumu sniedz\u0113jiem (tai skait\u0101 \u0113din\u0101\u0161anas pakalpojumu sniedz\u0113jiem), kas sav\u0101 uz\u0146\u0113m\u0113jdarb\u012bb\u0101 ievie\u0161 inovat\u012bvus risin\u0101jumus, priorit\u0101ri izmanto VRG teritorij\u0101 pieejamos resursus,&nbsp;att\u012bsta eso\u0161os vai jaunus produktus un pakalpojumus; 3. Soci\u0101liem uz\u0146\u0113mumiem, vai iesniedz\u0113jiem, kas projekta \u012bsteno\u0161anas gait\u0101 tiks re\u0123istr\u0113ti Labkl\u0101j\u012bbas ministrijas soci\u0101lo uz\u0146\u0113mumu re\u0123istr\u0101; 4. Uz\u0146\u0113mumiem, kas sav\u0101 darb\u012bb\u0101 ievie\u0161 aprites ekonomikas principus; 5. Biolo\u0123isk\u0101 p\u0101rstr\u0101des uz\u0146\u0113mumiem \u2013 projekta iesniedz\u0113js ir re\u0123istr\u0113ts sertifik\u0101cijas un kontroles instit\u016bcij\u0101s; 6. Kopprojektiem, kuru ietvaros paredz\u0113ts att\u012bst\u012bt jaunus viet\u0113jo ra\u017eot\u0101ju produktu realiz\u0101cijas veidus un to atpaz\u012bstam\u012bbas t\u0113la veido\u0161anu. Paredz\u0113ts ar\u012b atbalst\u012bt tirgus laukumu izveidi, tirdzniec\u012bbas vietu vai tirdzniec\u012bbas platformu izveidi un citus pas\u0101kumus. Tirdzniec\u012bbas vietu izveido\u0161ana un labiek\u0101rto\u0161ana atbalst\u0101ma ar\u012b valstspils\u0113t\u0101 Daugavpil\u012b. &nbsp;<\/td><\/tr><tr><td>Maksim\u0101l\u0101 attiecin\u0101mo izmaksu summa vienam projektam<\/td><td>200 000,00 EUR, &nbsp; Lauku bi\u013cetei- 15 000,00 EUR<\/td><\/tr><\/tbody><\/table><\/figure>\n\n\n\n<figure class=\"wp-block-table\"><table class=\"has-fixed-layout\"><tbody><tr><td>40 %<\/td><td>Pamata atbalsta intensit\u0101te<\/td><\/tr><tr><td>65%<\/td><td>Jaunajiem komersantiem un fizisk\u0101m person\u0101m, kas uzs\u0101ks uz\u0146\u0113m\u0113jdarb\u012bbu VRG teritorij\u0101;<\/td><\/tr><tr><td>65%<\/td><td>Ra\u017eo\u0161anas uz\u0146\u0113mumiem un pakalpojumu sniedz\u0113jiem, kas sav\u0101 uz\u0146\u0113m\u0113jdarb\u012bb\u0101 att\u012bsta eso\u0161os vai jaunus produktus un pakalpojumus.<\/td><\/tr><tr><td>75%<\/td><td>* Atbalsta pretendents ir gados jauns lauksaimnieks;<br>&nbsp;* Atbalsta pretendents ir maz\u0101 lauku saimniec\u012bba;<br>&nbsp;* Invest\u012bcij\u0101m pakalpojumos lauku teritorij\u0101 izgl\u012bt\u012bbas, soci\u0101l\u0101 vai vesel\u012bbas jom\u0101;<br>&nbsp;* Neienes\u012bg\u0101m invest\u012bcij\u0101m kvalitat\u012bvu darba apst\u0101k\u013cu uzlabo\u0161anai vai darbinieku produktivit\u0101tes k\u0101pin\u0101\u0161anai.<\/td><\/tr><\/tbody><\/table><\/figure>\n\n\n\n<div class=\"wp-block-file\"><a id=\"wp-block-file--media-4516068f-c233-496f-9405-26890d8a1abc\" href=\"https:\/\/daugavpils.partneribas.lv\/wp-content\/uploads\/2026\/02\/M1R1_Pasnovertejums.docx\">M1R1_Pasnovertejums<\/a><a href=\"https:\/\/daugavpils.partneribas.lv\/wp-content\/uploads\/2026\/02\/M1R1_Pasnovertejums.docx\" class=\"wp-block-file__button wp-element-button\" download aria-describedby=\"wp-block-file--media-4516068f-c233-496f-9405-26890d8a1abc\">Lejupiel\u0101d\u0113t<\/a><\/div>\n\n\n\n<figure class=\"wp-block-table\"><table class=\"has-fixed-layout\"><tbody><tr><td><strong>R\u012bc\u012bba<\/strong><\/td><td><strong>R2&nbsp;<\/strong>Atbalsts t\u016brisma pakalpojumu un produktu kvalit\u0101tes uzlabo\u0161anai un da\u017e\u0101do\u0161anai<\/td><\/tr><tr><td>Atbalsta apm\u0113rs<\/td><td>166 276.11 EUR<\/td><\/tr><tr><td>Atbilsto\u0161\u0101 MK Noteikumu Nr.580 10. punkt\u0101 min\u0113t\u0101 darb\u012bba<\/td><td>10. Aktivit\u0101t\u0113 \u201cViet\u0113j\u0101s ekonomikas stiprin\u0101\u0161anas iniciat\u012bvas\u201d atbilsto\u0161i viet\u0113j\u0101s att\u012bst\u012bbas strat\u0113\u0123ijai atbalstu sniedz \u0161\u0101d\u0101m darb\u012bb\u0101m, kas \u012bstenotas atsevi\u0161\u0137i vai kop\u0101: 10.1. produktu un pakalpojumu rad\u012b\u0161ana, eso\u0161o produktu un pakalpojumu att\u012bst\u012b\u0161ana, to realiz\u0113\u0161ana tirg\u016b, atpaz\u012bstam\u012bbas t\u0113la veido\u0161ana, kvalitat\u012bvu darba apst\u0101k\u013cu rad\u012b\u0161ana un darbinieku produktivit\u0101tes k\u0101pin\u0101\u0161ana; 10.2. produkcijas realiz\u0113\u0161anai paredz\u0113tas vides rad\u012b\u0161ana vai labiek\u0101rto\u0161ana, k\u0101 ar\u012b jaunu realiz\u0101cijas veidu ievie\u0161ana un to atpaz\u012bstam\u012bbas t\u0113la veido\u0161ana.<\/td><\/tr><tr><td>&nbsp; &nbsp; &nbsp; &nbsp; R\u012bc\u012bbas apraksts<\/td><td>R\u012bc\u012bbas m\u0113r\u0137is ir atbalst\u012bt t\u016brisma pakalpojumu un produktu da\u017e\u0101do\u0161anu vai eso\u0161o produktu kvalit\u0101tes uzlabo\u0161anu. Dot\u0101s r\u012bc\u012bbas ietvaros tiks atbalst\u012btas ar\u012b t\u0101das aktivit\u0101tes, kas nodro\u0161in\u0101s darbinieku produktivit\u0101tes paaugstin\u0101\u0161anu, tai skait\u0101 nodro\u0161inot darbinieku apm\u0101c\u012bbu. K\u0101 priorit\u0101ri atbalsts tiks sniegts \u0161\u0101d\u0101s jom\u0101s:&nbsp;<a>Projektiem, kuru ietvaros paredz\u0113ts att\u012bst\u012bt vai no&nbsp;<strong>jauna izveidot t\u016brisma starpsezonu produktu<\/strong>, lai nodro\u0161in\u0101tu t\u016brisma pl\u016bsmu visu gadu<\/a>; Projektiem, kuru ietvaros tiks veicin\u0101ta VRG iepriek\u0161\u0113j\u0101 period\u0101 realiz\u0113to projektu ietvaros izstr\u0101d\u0101to strat\u0113\u0123iju ievie\u0161ana: 2.1. Latgales velot\u016brisma att\u012bst\u012bbas strat\u0113\u0123ija 2021\u20132027; 2.2. Latgales uz\u0146\u0113m\u0113jdarb\u012bbas att\u012bst\u012bbas strat\u0113\u0123ija \u201cT\u016brisma pakalpojumu veido\u0161ana uz\u0146\u0113mumos 2021\u20132027\u201d; Kopprojektiem, tai skait\u0101 starptautiskiem sadarb\u012bbas projektiem, kuru ietvaros tiks att\u012bst\u012bti vai veidoti jauni, kop\u012bgi t\u016brisma produkti un mar\u0161ruti, nodro\u0161in\u0101tas to m\u0101rketinga aktivit\u0101tes;<\/td><\/tr><tr><td>Maksim\u0101l\u0101 attiecin\u0101mo izmaksu summa vienam projektam<\/td><td>200 000,00 EUR, &nbsp; Lauku bi\u013cetei- 15 000,00 EUR<\/td><\/tr><\/tbody><\/table><\/figure>\n\n\n\n<figure class=\"wp-block-table\"><table class=\"has-fixed-layout\"><tbody><tr><td>40 %<\/td><td>Pamata atbalsta intensit\u0101te<\/td><\/tr><tr><td>65 %<\/td><td>projektiem, kuru ietvaros paredz\u0113ts att\u012bst\u012bt vai izveidot jaunu t\u016brisma starpsezonas produktu\/produktus un nodro\u0161in\u0101tu t\u016brisma pl\u016bsmu visu gadu.<\/td><\/tr><tr><td>75%<\/td><td>* Atbalsta pretendents ir gados jauns lauksaimnieks;<br>&nbsp;* Atbalsta pretendents ir maz\u0101 lauku saimniec\u012bba;<br>&nbsp;* Invest\u012bcij\u0101m pakalpojumos lauku teritorij\u0101 izgl\u012bt\u012bbas, soci\u0101l\u0101 vai vesel\u012bbas jom\u0101;<br>&nbsp;* Neienes\u012bg\u0101m invest\u012bcij\u0101m kvalitat\u012bvu darba apst\u0101k\u013cu uzlabo\u0161anai vai darbinieku produktivit\u0101tes k\u0101pin\u0101\u0161anai.<\/td><\/tr><\/tbody><\/table><\/figure>\n\n\n\n<div class=\"wp-block-file\"><a id=\"wp-block-file--media-3ebbff3c-969e-467b-a7f4-01a1464c2537\" href=\"https:\/\/daugavpils.partneribas.lv\/wp-content\/uploads\/2026\/02\/M1R2_Pasnovertejums.docx\">M1R2_Pasnovertejums<\/a><a href=\"https:\/\/daugavpils.partneribas.lv\/wp-content\/uploads\/2026\/02\/M1R2_Pasnovertejums.docx\" class=\"wp-block-file__button wp-element-button\" download aria-describedby=\"wp-block-file--media-3ebbff3c-969e-467b-a7f4-01a1464c2537\">Lejupiel\u0101d\u0113t<\/a><\/div>\n","protected":false},"excerpt":{"rendered":"<p>Biedr\u012bba \u201cPartner\u012bba \u201cKaimi\u0146i\u201d\u201d izsludina atkl\u0101tu projektu iesniegumu pie\u0146em\u0161anas&nbsp;8.k\u0101rtu&nbsp;Eiropas Savien\u012bbas Eiropas Lauksaimniec\u012bbas fonda lauku att\u012bst\u012bbai Kop\u0113j\u0101s lauksaimniec\u012bbas politikas strat\u0113\u0123isk\u0101 pl\u0101na 2023. \u2013 2027.gadam intervences LA19 \u201cDarb\u012bbu \u012bsteno\u0161ana saska\u0146\u0101 ar sabiedr\u012bbas virz\u012btas viet\u0113j\u0101s att\u012bst\u012bbas strat\u0113\u0123iju, tostarp sadarb\u012bbas aktivit\u0101tes un to sagatavo\u0161ana\u201d aktivit\u0101t\u0113 \u201cViet\u0113j\u0101s ekonomikas stiprin\u0101\u0161anas iniciat\u012bvas\u201d. Projektu iesniegumu pie\u0146em\u0161anas termi\u0146\u0161:&nbsp;20.03.2026. \u2013 18.04.2026 K\u0101rtas kop\u0113jais finans\u0113jums:&nbsp;301&nbsp;740.63&nbsp;EUR Izsludin\u0101t\u0101 r\u012bc\u012bba:&nbsp;M1\/R1viet\u0113jo [&hellip;]<\/p>\n","protected":false},"author":3,"featured_media":0,"parent":0,"menu_order":0,"comment_status":"closed","ping_status":"closed","template":"","meta":{"footnotes":""},"class_list":["post-4615","page","type-page","status-publish","hentry"],"_links":{"self":[{"href":"https:\/\/daugavpils.partneribas.lv\/index.php?rest_route=\/wp\/v2\/pages\/4615","targetHints":{"allow":["GET"]}}],"collection":[{"href":"https:\/\/daugavpils.partneribas.lv\/index.php?rest_route=\/wp\/v2\/pages"}],"about":[{"href":"https:\/\/daugavpils.partneribas.lv\/index.php?rest_route=\/wp\/v2\/types\/page"}],"author":[{"embeddable":true,"href":"https:\/\/daugavpils.partneribas.lv\/index.php?rest_route=\/wp\/v2\/users\/3"}],"replies":[{"embeddable":true,"href":"https:\/\/daugavpils.partneribas.lv\/index.php?rest_route=%2Fwp%2Fv2%2Fcomments&post=4615"}],"version-history":[{"count":5,"href":"https:\/\/daugavpils.partneribas.lv\/index.php?rest_route=\/wp\/v2\/pages\/4615\/revisions"}],"predecessor-version":[{"id":4659,"href":"https:\/\/daugavpils.partneribas.lv\/index.php?rest_route=\/wp\/v2\/pages\/4615\/revisions\/4659"}],"wp:attachment":[{"href":"https:\/\/daugavpils.partneribas.lv\/index.php?rest_route=%2Fwp%2Fv2%2Fmedia&parent=4615"}],"curies":[{"name":"wp","href":"https:\/\/api.w.org\/{rel}","templated":true}]}}