{"id":4167,"date":"2024-12-09T15:06:35","date_gmt":"2024-12-09T12:06:35","guid":{"rendered":"https:\/\/daugavpils.partneribas.lv\/?page_id=4167"},"modified":"2025-08-07T10:55:53","modified_gmt":"2025-08-07T07:55:53","slug":"nepartraukta-karta","status":"publish","type":"page","link":"https:\/\/daugavpils.partneribas.lv\/?page_id=4167","title":{"rendered":"Nep\u0101rtraukt\u0101 k\u0101rta"},"content":{"rendered":"\n<p>Nep\u0101rtraukt\u0101 k\u0101rta<\/p>\n\n\n\n<p>Biedr\u012bba \u201cPartner\u012bba \u201cKaimi\u0146i\u201d\u201d izsludina atkl\u0101tu projektu iesniegumu pie\u0146em\u0161anas <strong>nep\u0101rtraukto<\/strong> Eiropas Savien\u012bbas Eiropas Lauksaimniec\u012bbas fonda lauku att\u012bst\u012bbai Kop\u0113j\u0101s lauksaimniec\u012bbas politikas strat\u0113\u0123isk\u0101 pl\u0101na 2023. &#8211; 2027.gadam intervences LA19 \u201cDarb\u012bbu \u012bsteno\u0161ana saska\u0146\u0101 ar sabiedr\u012bbas virz\u012btas viet\u0113j\u0101s att\u012bst\u012bbas strat\u0113\u0123iju, tostarp sadarb\u012bbas aktivit\u0101tes un to sagatavo\u0161ana\u201d aktivit\u0101t\u0113 \u201cKopienu sp\u0113cino\u0161as un vietas att\u012bst\u012bbu sekm\u0113jo\u0161as iniciat\u012bvas\u201d.<\/p>\n\n\n\n<p><strong>Projektu iesniegumu pie\u0146em\u0161anas termi\u0146\u0161:<\/strong> 2025.gada 10.janv\u0101ris l\u012bdz 2025.gada 10.j\u016bnijs<\/p>\n\n\n\n<p><strong>K\u0101rtas kop\u0113jais finans\u0113jums:<\/strong> 160 000 EUR<\/p>\n\n\n\n<p><strong>Projektu \u012bsteno\u0161anas termi\u0146i: <\/strong><\/p>\n\n\n\n<ol class=\"wp-block-list\">\n<li>ja tiek veikta b\u016bvniec\u012bba &#8211; <strong>divi gadi<\/strong> no Lauku atbalsta dienesta (turpm\u0101k- LAD) l\u0113muma pie\u0146em\u0161anas par projekta iesnieguma apstiprin\u0101\u0161anu;&nbsp;<\/li>\n\n\n\n<li> ja projekta \u012bsteno\u0161anai sa\u0146em fiks\u0113tas summas maks\u0101jumu <strong>\u201cJaunie\u0161u iniciat\u012bvas\u201d &#8211; l\u012bdz 18 m\u0113ne\u0161iem<\/strong> no LAD l\u0113muma pie\u0146em\u0161anas par projekta iesnieguma apstiprin\u0101\u0161anu;<\/li>\n\n\n\n<li>p\u0101r\u0113jiem projektiem &#8211; <strong>viens gads<\/strong> no LAD l\u0113muma pie\u0146em\u0161anas par projekta iesnieguma apstiprin\u0101\u0161anu.<\/li>\n<\/ol>\n\n\n\n<p>Izsludin\u0101t\u0101s r\u012bc\u012bbas:<\/p>\n\n\n\n<p>M2 ATBALSTS VIET\u0112JO KOPIENU DARB\u012aBAI UN ATT\u012aST\u012aBAI<\/p>\n\n\n\n<figure class=\"wp-block-table\"><table class=\"has-fixed-layout\"><tbody><tr><td><strong>R\u012bc\u012bba <\/strong><strong><\/strong><\/td><td><strong>R2 <a>atbalsts sadarb\u012bbas projektiem starp Latgales un S\u0113lijas kopien\u0101m<\/a><\/strong><strong><\/strong><\/td><\/tr><tr><td>Atbalsta apm\u0113rs<\/td><td>100&nbsp;000EUR<\/td><\/tr><tr><td>Atbilsto\u0161\u0101 MK Noteikumu Nr.580 23. punkt\u0101 min\u0113t\u0101 darb\u012bba<\/td><td>Atbalstu aktivit\u0101t\u0113 &#8220;Kopienu sp\u0113cino\u0161as un vietas att\u012bst\u012bbu sekm\u0113jo\u0161as iniciat\u012bvas&#8221; atbilsto\u0161i viet\u0113j\u0101s att\u012bst\u012bbas strat\u0113\u0123ijai pie\u0161\u0137ir viet\u0113j\u0101s teritorijas (tostarp dabas un kult\u016bras objektu) sak\u0101rto\u0161anai, lai uzlabotu pakalpojumu pieejam\u012bbu, kvalit\u0101ti un sasniedzam\u012bbu, un sabiedrisko aktivit\u0101\u0161u (tostarp viedo ciemu, apm\u0101c\u012bbas un intere\u0161u klubu, kult\u016bras, vides aizsardz\u012bbas, sporta un citu br\u012bv\u0101 laika pavad\u012b\u0161anas veidu) da\u017e\u0101do\u0161anai.<\/td><\/tr><tr><td>Atbalsta pretendenti<\/td><td>Juridiska persona (tostarp viet\u0113j\u0101 pa\u0161vald\u012bba, biedr\u012bba un nodibin\u0101jums, reli\u0123iska organiz\u0101cija) vai fiziska persona saska\u0146\u0101 ar atbalsta pie\u0161\u0137ir\u0161anu reglament\u0113jo\u0161ajiem normat\u012bvajiem aktiem (<a href=\"https:\/\/likumi.lv\/ta\/id\/346333-valsts-un-eiropas-savienibas-atbalsta-pieskirsanas-kartiba-eiropas-lauksaimniecibas-fonda-lauku-attistibai-intervence-darbibu\">MKN Nr.580<\/a> 25.punkts un 26.punkts)<\/td><\/tr><tr><td>&nbsp; &nbsp; &nbsp; R\u012bc\u012bbas apraksts<\/td><td>R\u012bc\u012bbas ietvaros paredz\u0113ts sniegt atbalstu sadarb\u012bbas projektiem starp Latgales un S\u0113lijas teritoriju kopien\u0101m, kas darbojas VRG teritorij\u0101. Atbalsts tiks sniegts kop\u012bg\u0101m aktivit\u0101t\u0113m un pas\u0101kumiem, tai skait\u0101 kult\u016bras pas\u0101kumiem ar m\u0113r\u0137i savstarp\u0113ji apmain\u012bties, iepaz\u012bstin\u0101t un saglab\u0101t katras v\u0113sturisk\u0101s zemes un konkr\u0113t\u0101s kult\u016brtelpas v\u0113rt\u012bbas. Atbalsts tiks sniegts ar\u012b kop\u012bgiem pas\u0101kumiem, kas veicin\u0101s ar latvie\u0161u v\u0113sturiskaj\u0101m zem\u0113m un kult\u016brtelp\u0101m saist\u012bto tradicion\u0101lo amata prasmju uztur\u0113\u0161anu, pakalpojumu un produktu veido\u0161anu un pieejam\u012bbu.<\/td><\/tr><tr><td>Maksim\u0101l\u0101 attiecin\u0101mo izmaksu summa vienam projektam<\/td><td>&nbsp; 20 000,00 EUR &nbsp; &nbsp;<\/td><\/tr><tr><td><strong>Atbalsta intensit\u0101te<\/strong><\/td><td>70 % Pamata likme Papildus atbalsta intensit\u0101te 90% tiek pie\u0161\u0137irta projektiem, kuru iecere ir sabiedriski apspriesta, viet\u0113jiem iedz\u012bvot\u0101jiem aktu\u0101la un apstiprin\u0101ta iedz\u012bvot\u0101ju apspried\u0113, k\u0101 ar\u012b inovat\u012bviem projektiem.<\/td><\/tr><tr><td>Papildu nosac\u012bjumi<\/td><td><strong><em>Papildus iesniedzamie dokumenti <\/em><\/strong>(V\u0113rt\u0113\u0161anas krit\u0113rijs 2.Projekta aktualit\u0101te): Iedz\u012bvot\u0101ju vai m\u0113r\u0137a grupas vajadz\u012bbu apzin\u0101\u0161anas dokument\u0101cija:&nbsp; rezult\u0101tu apkopojumu vai protokols un fotofiks\u0101cija (aptaujas (atbildes sniegu\u0161i vismaz 10% konkr\u0113t\u0101s teritorijas (ciema, pagasta)&nbsp; iedz\u012bvot\u0101ji), forumi (vismaz 20 dal\u012bbnieki), u.tml.), kas nav vec\u0101ki par vienu gadu kop\u0161 projekta iesnieg\u0161anas br\u012b\u017ea;<\/td><\/tr><\/tbody><\/table><\/figure>\n\n\n\n<div class=\"wp-block-file\"><a id=\"wp-block-file--media-d1310ffe-e57e-4c68-bfe1-e7d6d9bd0444\" href=\"https:\/\/daugavpils.partneribas.lv\/wp-content\/uploads\/2024\/12\/M2R2_pasvertejums.docx\">M2R2_pasvertejums<\/a><a href=\"https:\/\/daugavpils.partneribas.lv\/wp-content\/uploads\/2024\/12\/M2R2_pasvertejums.docx\" class=\"wp-block-file__button wp-element-button\" download aria-describedby=\"wp-block-file--media-d1310ffe-e57e-4c68-bfe1-e7d6d9bd0444\">Lejupiel\u0101d\u0113t<\/a><\/div>\n\n\n\n<figure class=\"wp-block-table\"><table class=\"has-fixed-layout\"><tbody><tr><td>R\u012bc\u012bba<\/td><td><strong>R3 jaunie\u0161u iniciat\u012bvu atbalsts<\/strong><strong><\/strong><\/td><\/tr><tr><td>Atbalsta apm\u0113rs<\/td><td>60&nbsp;000EUR<\/td><\/tr><tr><td>Atbilsto\u0161\u0101 MK Noteikumu Nr.580 23. punkt\u0101 min\u0113t\u0101 darb\u012bba<\/td><td>Atbalstu aktivit\u0101t\u0113 &#8220;Kopienu sp\u0113cino\u0161as un vietas att\u012bst\u012bbu sekm\u0113jo\u0161as iniciat\u012bvas&#8221; atbilsto\u0161i viet\u0113j\u0101s att\u012bst\u012bbas strat\u0113\u0123ijai pie\u0161\u0137ir viet\u0113j\u0101s teritorijas (tostarp dabas un kult\u016bras objektu) sak\u0101rto\u0161anai, lai uzlabotu pakalpojumu pieejam\u012bbu, kvalit\u0101ti un sasniedzam\u012bbu, un sabiedrisko aktivit\u0101\u0161u (tostarp viedo ciemu, apm\u0101c\u012bbas un intere\u0161u klubu, kult\u016bras, vides aizsardz\u012bbas, sporta un citu br\u012bv\u0101 laika pavad\u012b\u0161anas veidu) da\u017e\u0101do\u0161anai.<\/td><\/tr><tr><td>&nbsp; R\u012bc\u012bbas apraksts<\/td><td>Atbalsts tiks sniegts jaunie\u0161u iniciat\u012bvas projektiem, lai nodro\u0161in\u0101tu iesp\u0113ju ieg\u016bt dz\u012bvei nepiecie\u0161am\u0101s prasmes, zin\u0101\u0161anas un kompetences neform\u0101l\u0101s izgl\u012bt\u012bbas ce\u013c\u0101. &nbsp;<\/td><\/tr><tr><td>Atbalsta pretendenti<\/td><td>Pa\u0161vald\u012bba, jaunatnes organiz\u0101cija, biedr\u012bba vai nodibin\u0101jums, kas veic darbu ar jaunatni un kas projektu izstr\u0101d\u0101 atbilsto\u0161i strat\u0113\u0123ijai, iev\u0113rojot nosac\u012bjumus saska\u0146\u0101 ar atbalsta pie\u0161\u0137ir\u0161anu reglament\u0113jo\u0161ajiem normat\u012bvajiem aktiem, b\u0113rnu un jaunie\u0161u grupai vecum\u0101 no 7 l\u012bdz 25 gadiem.<\/td><\/tr><tr><td>Maksim\u0101l\u0101 attiecin\u0101mo izmaksu summa vienam projektam<\/td><td>&nbsp; Fiks\u0113t\u0101s summas maks\u0101jums 6 000,00 EUR &nbsp; &nbsp;<\/td><\/tr><tr><td rowspan=\"2\"><strong>Atbalsta intensit\u0101te<\/strong> &nbsp; &nbsp;<\/td><td>Pamata likme 70 %<\/td><\/tr><tr><td>Papildus atbalsta intensit\u0101te l\u012bdz 100 % projektiem, kas nodro\u0161ina sadarb\u012bbu starp kopien\u0101m.<\/td><\/tr><\/tbody><\/table><\/figure>\n\n\n\n<div class=\"wp-block-file\"><a id=\"wp-block-file--media-c755bac9-924a-4311-8408-1ebb7938e477\" href=\"https:\/\/daugavpils.partneribas.lv\/wp-content\/uploads\/2024\/12\/M2R3_pasvertejums.docx\">M2R3_pasvertejums<\/a><a href=\"https:\/\/daugavpils.partneribas.lv\/wp-content\/uploads\/2024\/12\/M2R3_pasvertejums.docx\" class=\"wp-block-file__button wp-element-button\" download aria-describedby=\"wp-block-file--media-c755bac9-924a-4311-8408-1ebb7938e477\">Lejupiel\u0101d\u0113t<\/a><\/div>\n\n\n\n<p>Jaunie\u0161u iniciat\u012bvas metodiskais materi\u0101ls par fiks\u0113t\u0101s summas apr\u0113\u0137inu pieejams te: <a href=\"https:\/\/www.lad.gov.lv\/lv\/media\/7339\/download?attachment\">https:\/\/www.lad.gov.lv\/lv\/media\/7339\/download?attachment<\/a><\/p>\n\n\n\n<p>PROJEKTU V\u0112RT\u0112\u0160ANAS KRIT\u0112RIJI PIEEJAMI TE:<\/p>\n\n\n\n<div class=\"wp-block-file\"><a id=\"wp-block-file--media-dd9ed3dc-2ed2-4d9c-af0d-a708a116e98f\" href=\"https:\/\/daugavpils.partneribas.lv\/wp-content\/uploads\/2024\/12\/Vertesanas-kriteriji-M2-R2sadarbiba.docx\">V\u0113rt\u0113\u0161anas krit\u0113riji M2 R2sadarbiba<\/a><a href=\"https:\/\/daugavpils.partneribas.lv\/wp-content\/uploads\/2024\/12\/Vertesanas-kriteriji-M2-R2sadarbiba.docx\" class=\"wp-block-file__button wp-element-button\" download aria-describedby=\"wp-block-file--media-dd9ed3dc-2ed2-4d9c-af0d-a708a116e98f\">Lejupiel\u0101d\u0113t<\/a><\/div>\n\n\n\n<div class=\"wp-block-file\"><a id=\"wp-block-file--media-f19f7730-17f6-4890-bdc5-f5d7f210b233\" href=\"https:\/\/daugavpils.partneribas.lv\/wp-content\/uploads\/2024\/12\/Vertesanas-kriteriji-M2-R3-jauniesu-iniciativu-atbalsts.docx\">V\u0113rt\u0113\u0161anas krit\u0113riji M2 R3 jaunie\u0161u iniciat\u012bvu atbalsts<\/a><a href=\"https:\/\/daugavpils.partneribas.lv\/wp-content\/uploads\/2024\/12\/Vertesanas-kriteriji-M2-R3-jauniesu-iniciativu-atbalsts.docx\" class=\"wp-block-file__button wp-element-button\" download aria-describedby=\"wp-block-file--media-f19f7730-17f6-4890-bdc5-f5d7f210b233\">Lejupiel\u0101d\u0113t<\/a><\/div>\n\n\n\n<p class=\"has-text-align-right\"><strong>Public\u0113ts: 2024.gada 10.decembris<\/strong><\/p>\n\n\n\n<p>Jaunie\u0161u iniciat\u012bvu informat\u012bvais semin\u0101rs 17.01.2025 <a href=\"https:\/\/youtu.be\/AefvaItFUAA\">https:\/\/youtu.be\/AefvaItFUAA<\/a><\/p>\n\n\n\n<p>Informat\u012bvais semin\u0101rs par &#8220;Atbalstu sadarb\u012bbai starp Latgales un S\u0113lijas kopien\u0101m&#8221; 21.01.2025 <a href=\"https:\/\/youtu.be\/nqjTDBzH7mk\">https:\/\/youtu.be\/nqjTDBzH7mk<\/a><\/p>\n","protected":false},"excerpt":{"rendered":"<p>Nep\u0101rtraukt\u0101 k\u0101rta Biedr\u012bba \u201cPartner\u012bba \u201cKaimi\u0146i\u201d\u201d izsludina atkl\u0101tu projektu iesniegumu pie\u0146em\u0161anas nep\u0101rtraukto Eiropas Savien\u012bbas Eiropas Lauksaimniec\u012bbas fonda lauku att\u012bst\u012bbai Kop\u0113j\u0101s lauksaimniec\u012bbas politikas strat\u0113\u0123isk\u0101 pl\u0101na 2023. &#8211; 2027.gadam intervences LA19 \u201cDarb\u012bbu \u012bsteno\u0161ana saska\u0146\u0101 ar sabiedr\u012bbas virz\u012btas viet\u0113j\u0101s att\u012bst\u012bbas strat\u0113\u0123iju, tostarp sadarb\u012bbas aktivit\u0101tes un to sagatavo\u0161ana\u201d aktivit\u0101t\u0113 \u201cKopienu sp\u0113cino\u0161as un vietas att\u012bst\u012bbu sekm\u0113jo\u0161as iniciat\u012bvas\u201d. Projektu iesniegumu pie\u0146em\u0161anas termi\u0146\u0161: [&hellip;]<\/p>\n","protected":false},"author":3,"featured_media":0,"parent":0,"menu_order":0,"comment_status":"closed","ping_status":"closed","template":"","meta":{"footnotes":""},"class_list":["post-4167","page","type-page","status-publish","hentry"],"_links":{"self":[{"href":"https:\/\/daugavpils.partneribas.lv\/index.php?rest_route=\/wp\/v2\/pages\/4167","targetHints":{"allow":["GET"]}}],"collection":[{"href":"https:\/\/daugavpils.partneribas.lv\/index.php?rest_route=\/wp\/v2\/pages"}],"about":[{"href":"https:\/\/daugavpils.partneribas.lv\/index.php?rest_route=\/wp\/v2\/types\/page"}],"author":[{"embeddable":true,"href":"https:\/\/daugavpils.partneribas.lv\/index.php?rest_route=\/wp\/v2\/users\/3"}],"replies":[{"embeddable":true,"href":"https:\/\/daugavpils.partneribas.lv\/index.php?rest_route=%2Fwp%2Fv2%2Fcomments&post=4167"}],"version-history":[{"count":7,"href":"https:\/\/daugavpils.partneribas.lv\/index.php?rest_route=\/wp\/v2\/pages\/4167\/revisions"}],"predecessor-version":[{"id":4404,"href":"https:\/\/daugavpils.partneribas.lv\/index.php?rest_route=\/wp\/v2\/pages\/4167\/revisions\/4404"}],"wp:attachment":[{"href":"https:\/\/daugavpils.partneribas.lv\/index.php?rest_route=%2Fwp%2Fv2%2Fmedia&parent=4167"}],"curies":[{"name":"wp","href":"https:\/\/api.w.org\/{rel}","templated":true}]}}