{"id":4083,"date":"2024-09-20T10:21:13","date_gmt":"2024-09-20T07:21:13","guid":{"rendered":"https:\/\/daugavpils.partneribas.lv\/?page_id=4083"},"modified":"2024-12-06T10:25:48","modified_gmt":"2024-12-06T07:25:48","slug":"2-karta","status":"publish","type":"page","link":"https:\/\/daugavpils.partneribas.lv\/?page_id=4083","title":{"rendered":"2.k\u0101rta"},"content":{"rendered":"\n<p>Biedr\u012bba \u201cPartner\u012bba \u201cKaimi\u0146i\u201d\u201d izsludina atkl\u0101tu projektu iesniegumu pie\u0146em\u0161anas <strong>2.k\u0101rtu<\/strong> Eiropas Savien\u012bbas Eiropas Lauksaimniec\u012bbas fonda lauku att\u012bst\u012bbai Kop\u0113j\u0101s lauksaimniec\u012bbas politikas strat\u0113\u0123isk\u0101 pl\u0101na 2023. &#8211; 2027.gadam intervences LA19 \u201cDarb\u012bbu \u012bsteno\u0161ana saska\u0146\u0101 ar sabiedr\u012bbas virz\u012btas viet\u0113j\u0101s att\u012bst\u012bbas strat\u0113\u0123iju, tostarp sadarb\u012bbas aktivit\u0101tes un to sagatavo\u0161ana\u201d aktivit\u0101t\u0113 \u201cKopienu sp\u0113cino\u0161as un vietas att\u012bst\u012bbu sekm\u0113jo\u0161as iniciat\u012bvas\u201d.<\/p>\n\n\n\n<p><strong>Projektu iesniegumu pie\u0146em\u0161anas termi\u0146\u0161<\/strong>: 2024.gada 20.oktorbis &#8211; 20.novembris. <\/p>\n\n\n\n<p><strong>K\u0101rtas kop\u0113jais finans\u0113jums:<\/strong> 350 000,00 EUR<\/p>\n\n\n\n<p><strong>Projektu \u012bsteno\u0161anas termi\u0146\u0161: <\/strong><\/p>\n\n\n\n<ul class=\"wp-block-list\">\n<li>ja tiek veikta b\u016bvniec\u012bba &#8211; <strong>divi gadi<\/strong> no Lauku atbalsta dienesta (turpm\u0101k- LAD) l\u0113muma pie\u0146em\u0161anas par projekta iesnieguma apstiprin\u0101\u0161anu;&nbsp;<\/li>\n\n\n\n<li>p\u0101r\u0113jiem projektiem &#8211; <strong>viens gads<\/strong> no LAD l\u0113muma pie\u0146em\u0161anas par projekta iesnieguma apstiprin\u0101\u0161anu.<\/li>\n<\/ul>\n\n\n\n<p>Izsludin\u0101t\u0101s r\u012bc\u012bbas:<\/p>\n\n\n\n<p>M2 ATBALSTS VIET\u0112JO KOPIENU DARB\u012aBAI UN ATT\u012aST\u012aBAI <\/p>\n\n\n\n<div class=\"wp-block-group\"><div class=\"wp-block-group__inner-container is-layout-constrained wp-block-group-is-layout-constrained\">\n<figure class=\"wp-block-table\"><table class=\"has-fixed-layout\"><tbody><tr><td><strong>R\u012bc\u012bba<\/strong><\/td><td><strong>R1 <\/strong><strong>atbalsts kopienu iniciat\u012bv\u0101m viedo ciemu izveidei un darb\u012bbai<\/strong><\/td><\/tr><tr><td>Atbalsta apm\u0113rs<\/td><td>150&nbsp;000EUR<\/td><\/tr><tr><td>Atbilsto\u0161\u0101 MK Noteikumu Nr.580 23. punkt\u0101 min\u0113t\u0101 darb\u012bba<\/td><td>Atbalstu aktivit\u0101t\u0113 &#8220;Kopienu sp\u0113cino\u0161as un vietas att\u012bst\u012bbu sekm\u0113jo\u0161as iniciat\u012bvas&#8221; atbilsto\u0161i viet\u0113j\u0101s att\u012bst\u012bbas strat\u0113\u0123ijai pie\u0161\u0137ir viet\u0113j\u0101s teritorijas (tostarp dabas un kult\u016bras objektu) sak\u0101rto\u0161anai, lai uzlabotu pakalpojumu pieejam\u012bbu, kvalit\u0101ti un sasniedzam\u012bbu, un sabiedrisko aktivit\u0101\u0161u (tostarp viedo ciemu, apm\u0101c\u012bbas un intere\u0161u klubu, kult\u016bras, vides aizsardz\u012bbas, sporta un citu br\u012bv\u0101 laika pavad\u012b\u0161anas veidu) da\u017e\u0101do\u0161anai.<\/td><\/tr><tr><td>Atbalsta pretendenti<\/td><td>Juridiska persona (tostarp viet\u0113j\u0101 pa\u0161vald\u012bba, biedr\u012bba un nodibin\u0101jums, reli\u0123iska organiz\u0101cija) vai fiziska persona saska\u0146\u0101 ar atbalsta pie\u0161\u0137ir\u0161anu reglament\u0113jo\u0161ajiem normat\u012bvajiem aktiem (<a href=\"https:\/\/likumi.lv\/ta\/id\/346333-valsts-un-eiropas-savienibas-atbalsta-pieskirsanas-kartiba-eiropas-lauksaimniecibas-fonda-lauku-attistibai-intervence-darbibu\">MKN Nr.580<\/a> 25.punkts)<\/td><\/tr><tr><td>&nbsp; &nbsp; &nbsp; R\u012bc\u012bbas apraksts<\/td><td>R\u012bc\u012bbas ietvaros paredz\u0113ts atbalst\u012bt kopienu aktivit\u0101tes un aktivit\u0101tes, kas veicina Viedo ciemu izveidi un att\u012bst\u012bbu. <strong>Vieds ciems<\/strong> ir lauku kopiena, kas izmanto jaunus un inovat\u012bvus risin\u0101jumus, lai veicin\u0101tu sp\u0113ju past\u0101v\u0113t, kas balst\u012bta uz viet\u0113j\u0101m stipr\u0101m pus\u0113m un iesp\u0113j\u0101m. \u0160\u0101das kopienas balst\u0101s uz l\u012bdzdal\u012bbas principu, lai b\u016bv\u0113tu savu strat\u0113\u0123iju ekonomikas stiprin\u0101\u0161anai, soci\u0101lo un vides apst\u0101k\u013cu uzlabo\u0161anai. R\u012bc\u012bbas ietvaros paredz\u0113ts ar\u012b atbalsts viet\u0113jo kopienu aktiviz\u0113\u0161anas pas\u0101kumiem, kopienu centru izveidei un atbalstam, koprades telpu izveidei, pas\u0101kumu organiz\u0113\u0161anai. Atbalsts tiks sniegts ar\u012b specifisk\u0101m aktivit\u0101t\u0113m, kur\u0101s tiks iesaist\u012btas da\u017e\u0101das iedz\u012bvot\u0101ju grupas vai intere\u0161u grupas. Piem\u0113ram, veidojot senioru skolas, dabas skolas u.&nbsp;c.<\/td><\/tr><tr><td>Maksim\u0101l\u0101 attiecin\u0101mo izmaksu summa vienam projektam<\/td><td>50 000,00 EUR <br>Pa\u0161vald\u012bbas infrastrukt\u016bras projektiem l\u012bdz 100&nbsp;000 EUR &nbsp; &nbsp;<\/td><\/tr><tr><td><strong>Atbalsta intensit\u0101te<\/strong><\/td><td>70 % Pamata likme <br>Papildus atbalsta intensit\u0101te 90% tiek pie\u0161\u0137irta projektiem, kas atbilst vismaz vienam no \u0161iem nosac\u012bjumiem: <br>* Projektu ir iesniegusi kopiena, kas ieguvusi atpaz\u012bstam\u012bbas z\u012bmi \u201cViedais ciems\u201d vai atzin\u012bbu &#8220;Ce\u013c\u0101 uz viedo ciemu&#8221;;&nbsp;<br>* Kopienai ir izstr\u0101d\u0101ts att\u012bst\u012bbas pl\u0101ns;&nbsp; <br>* Projekta iecere ir sabiedriski apspriesta, viet\u0113jiem iedz\u012bvot\u0101jiem aktu\u0101la un apstiprin\u0101ta iedz\u012bvot\u0101ju apspried\u0113 (minim\u0101lais aptauj\u0101to iedz\u012bvot\u0101ju skaits 10% no konkr\u0113taj\u0101 teritori\u0101laj\u0101 vien\u012bb\u0101 deklar\u0113tajiem iedz\u012bvot\u0101jiem).<\/td><\/tr><tr><td>Papildu nosac\u012bjumi<\/td><td><strong><em>Papildus iesniedzamie dokumenti<\/em><\/strong>: Iedz\u012bvot\u0101ju vai m\u0113r\u0137a grupas vajadz\u012bbu apzin\u0101\u0161anas dokument\u0101cija: &nbsp;rezult\u0101tu apkopojumu vai protokols un fotofiks\u0101cija (aptaujas (atbildes sniegu\u0161i vismaz 10% konkr\u0113t\u0101s teritorijas (ciema, pagasta)&nbsp; iedz\u012bvot\u0101ji), forumi (vismaz 20 dal\u012bbnieki), u.tml.), kas nav vec\u0101ki par vienu gadu kop\u0161 projekta iesnieg\u0161anas br\u012b\u017ea;<\/td><\/tr><\/tbody><\/table><\/figure>\n\n\n\n<div class=\"wp-block-file\"><a id=\"wp-block-file--media-bd6d4996-84f9-402b-867c-86f6fba2170f\" href=\"https:\/\/daugavpils.partneribas.lv\/wp-content\/uploads\/2024\/09\/M2R1_pasvertejums.docx\">M2R1_pasvertejums<\/a><a href=\"https:\/\/daugavpils.partneribas.lv\/wp-content\/uploads\/2024\/09\/M2R1_pasvertejums.docx\" class=\"wp-block-file__button wp-element-button\" download aria-describedby=\"wp-block-file--media-bd6d4996-84f9-402b-867c-86f6fba2170f\">Lejupiel\u0101d\u0113t<\/a><\/div>\n<\/div><\/div>\n\n\n\n<p>M 3 ATBALSTS VIETAS (TERITORIJAS) ATT\u012aST\u012aBAS INICIAT\u012aV\u0100M<\/p>\n\n\n\n<figure class=\"wp-block-table\"><table class=\"has-fixed-layout\"><tbody><tr><td>R\u012bc\u012bba<\/td><td>Kopienas publisk\u0101s teritorijas sak\u0101rto\u0161ana, publisk\u0101s telpas att\u012bst\u012bba<\/td><\/tr><tr><td>Atbalsta apm\u0113rs<\/td><td>100&nbsp;000EUR<\/td><\/tr><tr><td>Atbilsto\u0161\u0101 MK Noteikumu Nr.580 23. punkt\u0101 min\u0113t\u0101 darb\u012bba<\/td><td>Atbalstu aktivit\u0101t\u0113 \u201cKopienu sp\u0113cino\u0161as un vietas att\u012bst\u012bbu sekm\u0113jo\u0161as iniciat\u012bvas\u201d atbilsto\u0161i viet\u0113j\u0101s att\u012bst\u012bbas strat\u0113\u0123ijai pie\u0161\u0137ir viet\u0113j\u0101s teritorijas (tostarp dabas un kult\u016bras objektu) sak\u0101rto\u0161anai, lai uzlabotu pakalpojumu pieejam\u012bbu, kvalit\u0101ti un sasniedzam\u012bbu, un sabiedrisko aktivit\u0101\u0161u (tostarp viedo ciemu, apm\u0101c\u012bbas un intere\u0161u klubu, kult\u016bras, vides aizsardz\u012bbas, sporta un citu br\u012bv\u0101 laika pavad\u012b\u0161anas veidu) da\u017e\u0101do\u0161anai.<\/td><\/tr><tr><td>&nbsp; R\u012bc\u012bbas apraksts<\/td><td>R\u012bc\u012bbas ietvaros paredz\u0113ts atbalst\u012bt viet\u0113j\u0101s publisk\u0101s teritorijas sak\u0101rto\u0161anu, lai uzlabotu vides kvalit\u0101ti, pakalpojumu pieejam\u012bbu, kvalit\u0101ti un sasniedzam\u012bbu.<\/td><\/tr><tr><td>Atbalsta pretendenti<\/td><td>Juridiska persona (tostarp viet\u0113j\u0101 pa\u0161vald\u012bba, biedr\u012bba un nodibin\u0101jums, reli\u0123iska organiz\u0101cija) vai fiziska persona saska\u0146\u0101 ar atbalsta pie\u0161\u0137ir\u0161anu reglament\u0113jo\u0161ajiem normat\u012bvajiem aktiem (<a href=\"https:\/\/likumi.lv\/ta\/id\/346333-valsts-un-eiropas-savienibas-atbalsta-pieskirsanas-kartiba-eiropas-lauksaimniecibas-fonda-lauku-attistibai-intervence-darbibu\">MKN Nr.580<\/a> 25.punkts)<\/td><\/tr><tr><td>Maksim\u0101l\u0101 attiecin\u0101mo izmaksu summa vienam projektam<\/td><td>50 000,00 EUR <br>Pa\u0161vald\u012bbas infrastrukt\u016bras projektiem l\u012bdz 100&nbsp;000 EUR &nbsp; &nbsp;<\/td><\/tr><tr><td rowspan=\"2\"><strong>Atbalsta intensit\u0101te<\/strong> &nbsp; &nbsp;<\/td><td>Pamata likme 70 %<\/td><\/tr><tr><td>Papildus atbalsta intensit\u0101te 90% tiek pie\u0161\u0137irta projektiem, kas atbilst&nbsp; nosac\u012bjumam: <br>Projekta iecere ir sabiedriski apspriesta, viet\u0113jiem iedz\u012bvot\u0101jiem aktu\u0101la un apstiprin\u0101ta iedz\u012bvot\u0101ju apspried\u0113 (minim\u0101lais aptauj\u0101to iedz\u012bvot\u0101ju skaits 10% no konkr\u0113taj\u0101 teritori\u0101laj\u0101 vien\u012bb\u0101 deklar\u0113tajiem iedz\u012bvot\u0101jiem)..<\/td><\/tr><\/tbody><\/table><\/figure>\n\n\n\n<div class=\"wp-block-file\"><a id=\"wp-block-file--media-ec37fa83-0fe7-419e-b258-787842c801c9\" href=\"https:\/\/daugavpils.partneribas.lv\/wp-content\/uploads\/2024\/09\/M3R1_pasvertejums.docx\">M3R1_pasvertejums<\/a><a href=\"https:\/\/daugavpils.partneribas.lv\/wp-content\/uploads\/2024\/09\/M3R1_pasvertejums.docx\" class=\"wp-block-file__button wp-element-button\" download aria-describedby=\"wp-block-file--media-ec37fa83-0fe7-419e-b258-787842c801c9\">Lejupiel\u0101d\u0113t<\/a><\/div>\n\n\n\n<figure class=\"wp-block-table\"><table class=\"has-fixed-layout\"><tbody><tr><td>R\u012bc\u012bba<\/td><td><a><strong>Atbalsts v\u0113sturisk\u0101, dabas un kult\u016bras mantojuma saglab\u0101\u0161anai un att\u012bst\u012bbai<\/strong><\/a><strong><\/strong> &nbsp;<\/td><\/tr><tr><td>Atbalsta apm\u0113rs<\/td><td>100&nbsp;000 EUR<\/td><\/tr><tr><td>Atbilsto\u0161\u0101 MK Noteikumu Nr.580 23. punkt\u0101 min\u0113t\u0101 darb\u012bba<\/td><td>Atbalstu aktivit\u0101t\u0113 \u201cKopienu sp\u0113cino\u0161as un vietas att\u012bst\u012bbu sekm\u0113jo\u0161as iniciat\u012bvas\u201d atbilsto\u0161i viet\u0113j\u0101s att\u012bst\u012bbas strat\u0113\u0123ijai pie\u0161\u0137ir viet\u0113j\u0101s teritorijas (tostarp dabas un kult\u016bras objektu) sak\u0101rto\u0161anai, lai uzlabotu pakalpojumu pieejam\u012bbu, kvalit\u0101ti un sasniedzam\u012bbu, un sabiedrisko aktivit\u0101\u0161u (tostarp viedo ciemu, apm\u0101c\u012bbas un intere\u0161u klubu, kult\u016bras, vides aizsardz\u012bbas, sporta un citu br\u012bv\u0101 laika pavad\u012b\u0161anas veidu) da\u017e\u0101do\u0161anai.<\/td><\/tr><tr><td>R\u012bc\u012bbas apraksts<\/td><td>R\u012bc\u012bbas ietvaros paredz\u0113ts atbalsts v\u0113stures, dabas un kult\u016bras mantojuma saglab\u0101\u0161anai un att\u012bst\u012bbai.<\/td><\/tr><tr><td>Atbalsta pretendenti<\/td><td>Juridiska persona (tostarp viet\u0113j\u0101 pa\u0161vald\u012bba, biedr\u012bba un nodibin\u0101jums, reli\u0123iska organiz\u0101cija) vai fiziska persona saska\u0146\u0101 ar atbalsta pie\u0161\u0137ir\u0161anu reglament\u0113jo\u0161ajiem normat\u012bvajiem aktiem (<a href=\"https:\/\/likumi.lv\/ta\/id\/346333-valsts-un-eiropas-savienibas-atbalsta-pieskirsanas-kartiba-eiropas-lauksaimniecibas-fonda-lauku-attistibai-intervence-darbibu\">MKN Nr.580<\/a> 25.punkts)<\/td><\/tr><tr><td>Maksim\u0101l\u0101 attiecin\u0101mo izmaksu summa vienam projektam<\/td><td>50 000,00 EUR Pa\u0161vald\u012bbas infrastrukt\u016bras projektiem l\u012bdz 100&nbsp;000 EUR &nbsp; &nbsp;<\/td><\/tr><tr><td><strong>Atbalsta intensit\u0101te<\/strong> &nbsp; &nbsp;<\/td><td>Pamata likme 70 %<\/td><\/tr><tr><td><\/td><td>Papildus atbalsta intensit\u0101te 90% tiek pie\u0161\u0137irta projektiem, kas atbilst&nbsp; nosac\u012bjumam: Projekta iecere ir sabiedriski apspriesta, viet\u0113jiem iedz\u012bvot\u0101jiem aktu\u0101la un apstiprin\u0101ta iedz\u012bvot\u0101ju apspried\u0113 (minim\u0101lais aptauj\u0101to iedz\u012bvot\u0101ju skaits 10% no konkr\u0113taj\u0101 teritori\u0101laj\u0101 vien\u012bb\u0101 deklar\u0113tajiem iedz\u012bvot\u0101jiem)..<\/td><\/tr><\/tbody><\/table><\/figure>\n\n\n\n<div class=\"wp-block-file\"><a id=\"wp-block-file--media-6cf3af10-ec36-4533-b7ec-86d9ed7290ed\" href=\"https:\/\/daugavpils.partneribas.lv\/wp-content\/uploads\/2024\/09\/M3R2_pasvertejums.docx\">M3R2_pasvertejums<\/a><a href=\"https:\/\/daugavpils.partneribas.lv\/wp-content\/uploads\/2024\/09\/M3R2_pasvertejums.docx\" class=\"wp-block-file__button wp-element-button\" download aria-describedby=\"wp-block-file--media-6cf3af10-ec36-4533-b7ec-86d9ed7290ed\">Lejupiel\u0101d\u0113t<\/a><\/div>\n\n\n\n<p>PROJEKTU V\u0112RT\u0112\u0160ANAS KRIT\u0112RIJI PIEEJAMI TE: <\/p>\n\n\n\n<div class=\"wp-block-file\"><a id=\"wp-block-file--media-5a58f1ea-c54b-44b2-9805-5f291ee4be4a\" href=\"https:\/\/daugavpils.partneribas.lv\/wp-content\/uploads\/2024\/09\/M2R1_Vertesanas_kriteriji.docx\">M2R1_Vertesanas_kriteriji<\/a><a href=\"https:\/\/daugavpils.partneribas.lv\/wp-content\/uploads\/2024\/09\/M2R1_Vertesanas_kriteriji.docx\" class=\"wp-block-file__button wp-element-button\" download aria-describedby=\"wp-block-file--media-5a58f1ea-c54b-44b2-9805-5f291ee4be4a\">Lejupiel\u0101d\u0113t<\/a><\/div>\n\n\n\n<div class=\"wp-block-file\"><a id=\"wp-block-file--media-1cf89c1c-8297-4aea-940f-89c06701bf71\" href=\"https:\/\/daugavpils.partneribas.lv\/wp-content\/uploads\/2024\/09\/M3R1_Vertesanas_kriteriji.docx\">M3R1_Vertesanas_kriteriji<\/a><a href=\"https:\/\/daugavpils.partneribas.lv\/wp-content\/uploads\/2024\/09\/M3R1_Vertesanas_kriteriji.docx\" class=\"wp-block-file__button wp-element-button\" download aria-describedby=\"wp-block-file--media-1cf89c1c-8297-4aea-940f-89c06701bf71\">Lejupiel\u0101d\u0113t<\/a><\/div>\n\n\n\n<div class=\"wp-block-file\"><a id=\"wp-block-file--media-566a3148-2d18-4472-b987-b7b6c11374fd\" href=\"https:\/\/daugavpils.partneribas.lv\/wp-content\/uploads\/2024\/09\/M3R2_Vertesanas_kriteriji.docx\">M3R2_Vertesanas_kriteriji<\/a><a href=\"https:\/\/daugavpils.partneribas.lv\/wp-content\/uploads\/2024\/09\/M3R2_Vertesanas_kriteriji.docx\" class=\"wp-block-file__button wp-element-button\" download aria-describedby=\"wp-block-file--media-566a3148-2d18-4472-b987-b7b6c11374fd\">Lejupiel\u0101d\u0113t<\/a><\/div>\n\n\n\n<p class=\"has-text-align-right\">Public\u0113ts: 2024.gada 20.septembris<\/p>\n","protected":false},"excerpt":{"rendered":"<p>Biedr\u012bba \u201cPartner\u012bba \u201cKaimi\u0146i\u201d\u201d izsludina atkl\u0101tu projektu iesniegumu pie\u0146em\u0161anas 2.k\u0101rtu Eiropas Savien\u012bbas Eiropas Lauksaimniec\u012bbas fonda lauku att\u012bst\u012bbai Kop\u0113j\u0101s lauksaimniec\u012bbas politikas strat\u0113\u0123isk\u0101 pl\u0101na 2023. &#8211; 2027.gadam intervences LA19 \u201cDarb\u012bbu \u012bsteno\u0161ana saska\u0146\u0101 ar sabiedr\u012bbas virz\u012btas viet\u0113j\u0101s att\u012bst\u012bbas strat\u0113\u0123iju, tostarp sadarb\u012bbas aktivit\u0101tes un to sagatavo\u0161ana\u201d aktivit\u0101t\u0113 \u201cKopienu sp\u0113cino\u0161as un vietas att\u012bst\u012bbu sekm\u0113jo\u0161as iniciat\u012bvas\u201d. Projektu iesniegumu pie\u0146em\u0161anas termi\u0146\u0161: 2024.gada 20.oktorbis [&hellip;]<\/p>\n","protected":false},"author":3,"featured_media":0,"parent":0,"menu_order":0,"comment_status":"closed","ping_status":"closed","template":"","meta":{"footnotes":""},"class_list":["post-4083","page","type-page","status-publish","hentry"],"_links":{"self":[{"href":"https:\/\/daugavpils.partneribas.lv\/index.php?rest_route=\/wp\/v2\/pages\/4083","targetHints":{"allow":["GET"]}}],"collection":[{"href":"https:\/\/daugavpils.partneribas.lv\/index.php?rest_route=\/wp\/v2\/pages"}],"about":[{"href":"https:\/\/daugavpils.partneribas.lv\/index.php?rest_route=\/wp\/v2\/types\/page"}],"author":[{"embeddable":true,"href":"https:\/\/daugavpils.partneribas.lv\/index.php?rest_route=\/wp\/v2\/users\/3"}],"replies":[{"embeddable":true,"href":"https:\/\/daugavpils.partneribas.lv\/index.php?rest_route=%2Fwp%2Fv2%2Fcomments&post=4083"}],"version-history":[{"count":7,"href":"https:\/\/daugavpils.partneribas.lv\/index.php?rest_route=\/wp\/v2\/pages\/4083\/revisions"}],"predecessor-version":[{"id":4162,"href":"https:\/\/daugavpils.partneribas.lv\/index.php?rest_route=\/wp\/v2\/pages\/4083\/revisions\/4162"}],"wp:attachment":[{"href":"https:\/\/daugavpils.partneribas.lv\/index.php?rest_route=%2Fwp%2Fv2%2Fmedia&parent=4083"}],"curies":[{"name":"wp","href":"https:\/\/api.w.org\/{rel}","templated":true}]}}