{"id":3913,"date":"2024-02-27T16:35:25","date_gmt":"2024-02-27T13:35:25","guid":{"rendered":"https:\/\/daugavpils.partneribas.lv\/?page_id=3913"},"modified":"2025-05-09T19:58:09","modified_gmt":"2025-05-09T16:58:09","slug":"projektu-konkursi","status":"publish","type":"page","link":"https:\/\/daugavpils.partneribas.lv\/?page_id=3913","title":{"rendered":"Projektu konkursi"},"content":{"rendered":"\n<p>Lai iesniegtu projekta pieteikumu j\u0101b\u016bt re\u0123istr\u0113tam Lauku atbalsta dienesta klientam. Inform\u0101ciju, k\u0101 k\u013c\u016bt par LAD klientu mekl\u0113 te: <a href=\"https:\/\/www.lad.gov.lv\/lv\/klientiem\">https:\/\/www.lad.gov.lv\/lv\/klientiem<\/a><\/p>\n\n\n\n<p>Projektu pieteikumus var iesniegt TIKAI elektroniski Lauku atbalsta dienesta elektroniskaj\u0101 pieteik\u0161an\u0101s sist\u0113m\u0101 (EPS) <a href=\"https:\/\/eps.lad.gov.lv\/login\">https:\/\/eps.lad.gov.lv\/login<\/a><\/p>\n\n\n\n<h2 class=\"wp-block-heading\">Normat\u012bvie dokumenti un veidlapas<\/h2>\n\n\n\n<p>Darb\u012bbu \u012bsteno\u0161ana saska\u0146\u0101 ar sabiedr\u012bbas virz\u012btas viet\u0113j\u0101s att\u012bst\u012bbas strat\u0113\u0123iju, tostarp sadarb\u012bbas aktivit\u0101tes un to sagatavo\u0161ana <a href=\"https:\/\/www.lad.gov.lv\/lv\/katalogs\/c0la192-darbibu-istenosana-saskana-ar-sabiedribas-virzitas-vietejas-attistibas-strategiju-tostarp-sadarbibas-aktivitates-un-sagatavosana\">https:\/\/www.lad.gov.lv\/lv\/katalogs\/c0la192-darbibu-istenosana-saskana-ar-sabiedribas-virzitas-vietejas-attistibas-strategiju-tostarp-sadarbibas-aktivitates-un-sagatavosana<\/a><\/p>\n\n\n\n<div class=\"wp-block-file\"><a id=\"wp-block-file--media-59955985-0258-44d3-bce9-e8766ed049e4\" href=\"https:\/\/daugavpils.partneribas.lv\/wp-content\/uploads\/2024\/03\/Finansu-planosana_paligmaterials-iesniedzejiem.xlsx\">Finansu-planosana_paligmaterials-iesniedzejiem<\/a><a href=\"https:\/\/daugavpils.partneribas.lv\/wp-content\/uploads\/2024\/03\/Finansu-planosana_paligmaterials-iesniedzejiem.xlsx\" class=\"wp-block-file__button wp-element-button\" download aria-describedby=\"wp-block-file--media-59955985-0258-44d3-bce9-e8766ed049e4\">Lejupiel\u0101d\u0113t<\/a><\/div>\n\n\n\n<div class=\"wp-block-file\"><a id=\"wp-block-file--media-49fdb7d9-92c3-4325-b4fa-2479ace5d8e5\" href=\"https:\/\/daugavpils.partneribas.lv\/wp-content\/uploads\/2024\/03\/Grutibas-nonakusa-uznemuma-kalkulators.xlsx\">Grutibas-nonakusa-uznemuma-kalkulators<\/a><a href=\"https:\/\/daugavpils.partneribas.lv\/wp-content\/uploads\/2024\/03\/Grutibas-nonakusa-uznemuma-kalkulators.xlsx\" class=\"wp-block-file__button wp-element-button\" download aria-describedby=\"wp-block-file--media-49fdb7d9-92c3-4325-b4fa-2479ace5d8e5\">Lejupiel\u0101d\u0113t<\/a><\/div>\n\n\n\n<div class=\"wp-block-file\"><a id=\"wp-block-file--media-bf20217e-0d30-4c02-98d4-79fcac8985a7\" href=\"https:\/\/daugavpils.partneribas.lv\/wp-content\/uploads\/2024\/03\/ekonomiskas_dzivotspejas_aprekins.xlsx\">ekonomiskas_dzivotspejas_aprekins<\/a><a href=\"https:\/\/daugavpils.partneribas.lv\/wp-content\/uploads\/2024\/03\/ekonomiskas_dzivotspejas_aprekins.xlsx\" class=\"wp-block-file__button wp-element-button\" download aria-describedby=\"wp-block-file--media-bf20217e-0d30-4c02-98d4-79fcac8985a7\">Lejupiel\u0101d\u0113t<\/a><\/div>\n\n\n\n<div data-wp-interactive=\"core\/file\" class=\"wp-block-file\"><object data-wp-bind--hidden=\"!state.hasPdfPreview\" hidden class=\"wp-block-file__embed\" data=\"https:\/\/daugavpils.partneribas.lv\/wp-content\/uploads\/2025\/01\/skaidrojums-par-vienkarsoto-izmaksu-noteiksanu-la19.21-un-la19.22-2.pdf\" type=\"application\/pdf\" style=\"width:100%;height:200px\" aria-label=\"Iegult skaidrojums-par-vienkarsoto-izmaksu-noteiksanu-la19.21-un-la19.22.\"><\/object><a id=\"wp-block-file--media-33c05873-725a-4e8d-b345-978d26ed7362\" href=\"https:\/\/daugavpils.partneribas.lv\/wp-content\/uploads\/2025\/01\/skaidrojums-par-vienkarsoto-izmaksu-noteiksanu-la19.21-un-la19.22-2.pdf\">skaidrojums-par-vienkarsoto-izmaksu-noteiksanu-la19.21-un-la19.22<\/a><a href=\"https:\/\/daugavpils.partneribas.lv\/wp-content\/uploads\/2025\/01\/skaidrojums-par-vienkarsoto-izmaksu-noteiksanu-la19.21-un-la19.22-2.pdf\" class=\"wp-block-file__button wp-element-button\" download aria-describedby=\"wp-block-file--media-33c05873-725a-4e8d-b345-978d26ed7362\">Lejupiel\u0101d\u0113t<\/a><\/div>\n\n\n\n<p>Metodika \u201cFiks\u0113tas summas maks\u0101jums ar bud\u017eeta projekta apr\u0113\u0137ina metodi <strong>\u201cLauku bi\u013cete\u201d<\/strong> un to piem\u0113ro\u0161ana Kop\u0113j\u0101s lauksaimniec\u012bbas politikasstrat\u0113\u0123isk\u0101 pl\u0101n\u0101 2023.-2027.gadam\u201d <a href=\"https:\/\/www.lad.gov.lv\/lv\/media\/7337\/download?attachment\">https:\/\/www.lad.gov.lv\/lv\/media\/7337\/download?attachment<\/a><\/p>\n\n\n\n<p>Metodika \u201cFiks\u0113tas summas maks\u0101jums <strong>\u201cJaunie\u0161u iniciat\u012bva\u201d <\/strong>un to piem\u0113ro\u0161ana Kop\u0113j\u0101s lauksaimniec\u012bbas politikas strat\u0113\u0123isk\u0101 pl\u0101n\u0101 2023.- 2027.gadam\u201d <a href=\"https:\/\/www.lad.gov.lv\/lv\/media\/7339\/download?attachment\">https:\/\/www.lad.gov.lv\/lv\/media\/7339\/download?attachment<\/a><\/p>\n\n\n\n<p>Metodika \u201cVienot\u0101s likmes finans\u0113jums sagatavo\u0161anas un visp\u0101r\u0113j\u0101m izmaks\u0101m un to piem\u0113ro\u0161ana Kop\u0113j\u0101s Lauksaimniec\u012bbas politikas strat\u0113\u0123isk\u0101 pl\u0101n\u0101 2023.-2027.gadam\u201d <a href=\"https:\/\/www.lad.gov.lv\/lv\/media\/8169\/download?attachment\">https:\/\/www.lad.gov.lv\/lv\/media\/8169\/download?attachment<\/a><\/p>\n\n\n\n<h2 class=\"wp-block-heading\">Publicit\u0101te<\/h2>\n\n\n\n<p>Vizu\u0101l\u0101s identit\u0101tes vadl\u012bnijas (2021.-2027. gadam) <a href=\"https:\/\/www.lad.gov.lv\/lv\/vizualas-identitates-vadlinijas-2021-2027-gadam\">https:\/\/www.lad.gov.lv\/lv\/vizualas-identitates-vadlinijas-2021-2027-gadam<\/a><\/p>\n\n\n\n<figure class=\"wp-block-image size-large\"><img loading=\"lazy\" decoding=\"async\" width=\"1024\" height=\"319\" src=\"https:\/\/daugavpils.partneribas.lv\/wp-content\/uploads\/2024\/03\/3-logo-kompl-1024x319.png\" alt=\"\" class=\"wp-image-3943\" srcset=\"https:\/\/daugavpils.partneribas.lv\/wp-content\/uploads\/2024\/03\/3-logo-kompl-1024x319.png 1024w, https:\/\/daugavpils.partneribas.lv\/wp-content\/uploads\/2024\/03\/3-logo-kompl-300x93.png 300w, https:\/\/daugavpils.partneribas.lv\/wp-content\/uploads\/2024\/03\/3-logo-kompl-768x239.png 768w, https:\/\/daugavpils.partneribas.lv\/wp-content\/uploads\/2024\/03\/3-logo-kompl-1536x478.png 1536w, https:\/\/daugavpils.partneribas.lv\/wp-content\/uploads\/2024\/03\/3-logo-kompl-2048x638.png 2048w\" sizes=\"auto, (max-width: 1024px) 100vw, 1024px\" \/><\/figure>\n\n\n\n<h2 class=\"wp-block-heading\">Pras\u012bbas iepirkumu veik\u0161an\u0101<\/h2>\n\n\n\n<p>MK noteikumi 113; punkts 7.5 <a href=\"https:\/\/likumi.lv\/ta\/id\/340024-valsts-un-eiropas-savienibas-atbalsta-pieskirsanas-administresanas-un-uzraudzibas-vispareja-kartiba-lauku-un-zivsaimniecibas\">https:\/\/likumi.lv\/ta\/id\/340024-valsts-un-eiropas-savienibas-atbalsta-pieskirsanas-administresanas-un-uzraudzibas-vispareja-kartiba-lauku-un-zivsaimniecibas<\/a><\/p>\n\n\n\n<p><strong>Iepirkumu summa 1001 &#8211; 70 000<\/strong> Izv\u0113las visizdev\u012bg\u0101ko pied\u0101v\u0101jumu, kura noteik\u0161an\u0101 viens no krit\u0113rijiem ir zem\u0101k\u0101 cena. To apliecina ar vismaz <strong>divu<\/strong> der\u012bgu pied\u0101v\u0101jumu sal\u012bdzin\u0101\u0161anu konkr\u0113tai ieg\u0101dei neatkar\u012bgi no iepirkuma proced\u016bras veida.<\/p>\n\n\n\n<p><strong>Iepirkumu summa virs 70 000<\/strong> Atbalsta pretendents iepirkuma tehniskaj\u0101 specifik\u0101cij\u0101 iek\u013cauj nosac\u012bjumu, ka preces vai pakalpojuma pieg\u0101d\u0101t\u0101jam vai b\u016bvdarbu veic\u0113jam ir vismaz viena gada darb\u012bbas pieredze jom\u0101, ar kuru saist\u012bts iepirkums, un iesniedz <strong>tr\u012bs <\/strong>der\u012bgus pied\u0101v\u0101jumus, k\u0101 ar\u012b katra iepirkuma dal\u012bbnieka apliecin\u0101jumu par neatkar\u012bgi izstr\u0101d\u0101tu pied\u0101v\u0101jumu. <\/p>\n\n\n\n<div class=\"wp-block-file\"><a id=\"wp-block-file--media-a9475254-87f7-468c-bcad-281f15548cd9\" href=\"https:\/\/daugavpils.partneribas.lv\/wp-content\/uploads\/2024\/03\/apliecinajums-par-neatkarigi-izstradatu-piedavajumu.docx\">apliecinajums-par-neatkarigi-izstradatu-piedavajumu<\/a><a href=\"https:\/\/daugavpils.partneribas.lv\/wp-content\/uploads\/2024\/03\/apliecinajums-par-neatkarigi-izstradatu-piedavajumu.docx\" class=\"wp-block-file__button wp-element-button\" download aria-describedby=\"wp-block-file--media-a9475254-87f7-468c-bcad-281f15548cd9\">Lejupiel\u0101d\u0113t<\/a><\/div>\n\n\n\n<p>Iepirkuma tehnisk\u0101s specifik\u0101cijas un rezult\u0101tu kopsavilkuma piem\u0113rs <\/p>\n\n\n\n<div data-wp-interactive=\"core\/file\" class=\"wp-block-file\"><object data-wp-bind--hidden=\"!state.hasPdfPreview\" hidden class=\"wp-block-file__embed\" data=\"https:\/\/daugavpils.partneribas.lv\/wp-content\/uploads\/2024\/03\/iepirkumu-tehniskas-specifikacijas-rezultatu-kopsavilkuma-piemers-1.pdf\" type=\"application\/pdf\" style=\"width:100%;height:200px\" aria-label=\"Iegult iepirkumu-tehniskas-specifikacijas-rezultatu-kopsavilkuma-piemers-1.\"><\/object><a id=\"wp-block-file--media-7824e556-6490-489d-82e7-5ee7095e1478\" href=\"https:\/\/daugavpils.partneribas.lv\/wp-content\/uploads\/2024\/03\/iepirkumu-tehniskas-specifikacijas-rezultatu-kopsavilkuma-piemers-1.pdf\">iepirkumu-tehniskas-specifikacijas-rezultatu-kopsavilkuma-piemers-1<\/a><a href=\"https:\/\/daugavpils.partneribas.lv\/wp-content\/uploads\/2024\/03\/iepirkumu-tehniskas-specifikacijas-rezultatu-kopsavilkuma-piemers-1.pdf\" class=\"wp-block-file__button wp-element-button\" download aria-describedby=\"wp-block-file--media-7824e556-6490-489d-82e7-5ee7095e1478\">Lejupiel\u0101d\u0113t<\/a><\/div>\n\n\n\n<h2 class=\"wp-block-heading\">Iepriek\u0161\u0113j\u0101 pl\u0101no\u0161anas period\u0101 (2016 -2023) starpteritori\u0101l\u0101s sadarb\u012bbas projektu ietvaros izstr\u0101d\u0101t\u0101s strat\u0113\u0123ijas<\/h2>\n\n\n\n<ol class=\"wp-block-list\">\n<li>Projekts &#8220;Velo t\u016brisma att\u012bst\u012bba Austrumlatvij\u0101 piesl\u0113dzoties starptautiskajam velomar\u0161rutu t\u012bklam &#8220;EuroVelo11&#8243;&#8221;. Latgales velot\u016brisma att\u012bst\u012bbas strat\u0113\u0123ija 2021-2027. <a href=\"https:\/\/www.ludzaspartneriba.lv\/docs\/1083\/2022-dok\/Latgales--regiona--veloturisma--strategija--Nocticus--02M2022-final.pdf\">https:\/\/www.ludzaspartneriba.lv\/docs\/1083\/2022-dok\/Latgales&#8211;regiona&#8211;veloturisma&#8211;strategija&#8211;Nocticus&#8211;02M2022-final.pdf<\/a><\/li>\n\n\n\n<li> Projekts &#8220;T\u016brismam draudz\u012bgs Latgales uz\u0146\u0113m\u0113js digitaliz\u0101cijas laikmet\u0101&#8221;. Latgales uz\u0146\u0113m\u0113jdarb\u012bbas att\u012bst\u012bbas strat\u0113\u0123ija &#8220;T\u016brisma pakalpojumu veido\u0161ana uz\u0146\u0113mumos 2021-2027. <a href=\"https:\/\/www.ludzaspartneriba.lv\/docs\/1083\/2022-dok\/Strat____ijas_gala_variants_Latgale_turisma_uznemeju_strategija_2021_gala-1_korekt__ra.pdf\">https:\/\/www.ludzaspartneriba.lv\/docs\/1083\/2022-dok\/Strat____ijas_gala_variants_Latgale_turisma_uznemeju_strategija_2021_gala-1_korekt__ra.pdf<\/a><\/li>\n<\/ol>\n\n\n\n<h2 class=\"wp-block-heading\">Semin\u0101ru ieraksti <\/h2>\n\n\n\n<p>E-paraksts. Darbs ar e-parakstu, e-dokumentu noform\u0113\u0161anas un nos\u016bt\u012b\u0161anas eti\u0137ete. E-dokumentu atv\u0113r\u0161ana, parakst\u012b\u0161ana, saglab\u0101\u0161ana. Lektore Daina Alu\u017e\u0101ne.&nbsp;<\/p>\n\n\n\n<p>1.da\u013ca <a href=\"https:\/\/www.youtube.com\/watch?v=ao2c6DCKa6M\">https:\/\/www.youtube.com\/watch?v=ao2c6DCKa6M<\/a><\/p>\n\n\n\n<p>2.da\u013ca <a href=\"https:\/\/studio.youtube.com\/video\/RRq003Xippg\/edit\">https:\/\/studio.youtube.com\/video\/RRq003Xippg\/edit<\/a><\/p>\n\n\n\n<p>On-line r\u012bki dokumentu apstr\u0101dei. Dokumentu form\u0101tu konvert\u0113\u0161ana, da\u017e\u0101du form\u0101tu dokumentu apvieno\u0161ana vien\u0101 dokument\u0101. Microsoft office abon\u0113\u0161ana.&nbsp;Lektore Daina Alu\u017e\u0101ne.&nbsp;<\/p>\n\n\n\n<p>1.da\u013ca <a href=\"https:\/\/www.youtube.com\/watch?v=XsSqP-SZnyc\">https:\/\/www.youtube.com\/watch?v=XsSqP-SZnyc<\/a><\/p>\n\n\n\n<p>2.da\u013ca <a href=\"https:\/\/www.youtube.com\/watch?v=8QR9DMm-wp4\">https:\/\/www.youtube.com\/watch?v=8QR9DMm-wp4<\/a><\/p>\n\n\n\n<p>LEADER projektu pieteikumu veidlapu aizpild\u012b\u0161ana (BIEDR\u012aB\u0100M). Lektore Daiga Gargurne <a href=\"https:\/\/www.youtube.com\/watch?v=GKkmnndwVjQ\">https:\/\/www.youtube.com\/watch?v=GKkmnndwVjQ<\/a><\/p>\n\n\n\n<p>LEADER projektu pieteukumu veidlapu aizpild\u012b\u0161ana (UZ\u0145\u0112M\u0112JIEM). Lektore Daiga Gargurne <a href=\"https:\/\/drive.google.com\/drive\/u\/1\/folders\/1aFMj-xXqspLlulkTeiKK_oq6RJOHdQH9\">https:\/\/drive.google.com\/drive\/u\/1\/folders\/1aFMj-xXqspLlulkTeiKK_oq6RJOHdQH9<\/a> <\/p>\n\n\n\n<p>Semin\u0101rs &#8220;Kas j\u0101\u0146em v\u0113r\u0101 \u012bstenojot LEADER projektu&#8221;. Lektore Marija \u0160v\u0101be <a href=\"https:\/\/www.youtube.com\/watch?v=QsMjkpy9pg4\">https:\/\/www.youtube.com\/watch?v=QsMjkpy9pg4<\/a><\/p>\n","protected":false},"excerpt":{"rendered":"<p>Lai iesniegtu projekta pieteikumu j\u0101b\u016bt re\u0123istr\u0113tam Lauku atbalsta dienesta klientam. Inform\u0101ciju, k\u0101 k\u013c\u016bt par LAD klientu mekl\u0113 te: https:\/\/www.lad.gov.lv\/lv\/klientiem Projektu pieteikumus var iesniegt TIKAI elektroniski Lauku atbalsta dienesta elektroniskaj\u0101 pieteik\u0161an\u0101s sist\u0113m\u0101 (EPS) https:\/\/eps.lad.gov.lv\/login Normat\u012bvie dokumenti un veidlapas Darb\u012bbu \u012bsteno\u0161ana saska\u0146\u0101 ar sabiedr\u012bbas virz\u012btas viet\u0113j\u0101s att\u012bst\u012bbas strat\u0113\u0123iju, tostarp sadarb\u012bbas aktivit\u0101tes un to sagatavo\u0161ana https:\/\/www.lad.gov.lv\/lv\/katalogs\/c0la192-darbibu-istenosana-saskana-ar-sabiedribas-virzitas-vietejas-attistibas-strategiju-tostarp-sadarbibas-aktivitates-un-sagatavosana Metodika \u201cFiks\u0113tas [&hellip;]<\/p>\n","protected":false},"author":2,"featured_media":0,"parent":0,"menu_order":0,"comment_status":"closed","ping_status":"closed","template":"","meta":{"footnotes":""},"class_list":["post-3913","page","type-page","status-publish","hentry"],"_links":{"self":[{"href":"https:\/\/daugavpils.partneribas.lv\/index.php?rest_route=\/wp\/v2\/pages\/3913","targetHints":{"allow":["GET"]}}],"collection":[{"href":"https:\/\/daugavpils.partneribas.lv\/index.php?rest_route=\/wp\/v2\/pages"}],"about":[{"href":"https:\/\/daugavpils.partneribas.lv\/index.php?rest_route=\/wp\/v2\/types\/page"}],"author":[{"embeddable":true,"href":"https:\/\/daugavpils.partneribas.lv\/index.php?rest_route=\/wp\/v2\/users\/2"}],"replies":[{"embeddable":true,"href":"https:\/\/daugavpils.partneribas.lv\/index.php?rest_route=%2Fwp%2Fv2%2Fcomments&post=3913"}],"version-history":[{"count":12,"href":"https:\/\/daugavpils.partneribas.lv\/index.php?rest_route=\/wp\/v2\/pages\/3913\/revisions"}],"predecessor-version":[{"id":4326,"href":"https:\/\/daugavpils.partneribas.lv\/index.php?rest_route=\/wp\/v2\/pages\/3913\/revisions\/4326"}],"wp:attachment":[{"href":"https:\/\/daugavpils.partneribas.lv\/index.php?rest_route=%2Fwp%2Fv2%2Fmedia&parent=3913"}],"curies":[{"name":"wp","href":"https:\/\/api.w.org\/{rel}","templated":true}]}}