{"id":29,"date":"2017-07-26T16:24:39","date_gmt":"2017-07-26T16:24:39","guid":{"rendered":"http:\/\/daugavpils.partneribas.lv\/?page_id=29"},"modified":"2025-10-07T14:46:45","modified_gmt":"2025-10-07T11:46:45","slug":"attistibas-strategija","status":"publish","type":"page","link":"https:\/\/daugavpils.partneribas.lv\/?page_id=29","title":{"rendered":"PARTNER\u012aBAS KAIMI\u0145I STRAT\u0112\u0122IJAS"},"content":{"rendered":"\n<h2 class=\"wp-block-heading\">Partner\u012bbas &#8220;Kaimi\u0146i&#8221; sabiedr\u012bbas virz\u012btas viet\u0113j\u0101s att\u012bst\u012bbas strat\u0113\u0123ija 2023.-2027.gadam<\/h2>\n\n\n\n<div data-wp-interactive=\"core\/file\" class=\"wp-block-file\"><object data-wp-bind--hidden=\"!state.hasPdfPreview\" hidden class=\"wp-block-file__embed\" data=\"https:\/\/daugavpils.partneribas.lv\/wp-content\/uploads\/2025\/10\/Strategija_GROZIJUMI_26082025_GALA.pdf\" type=\"application\/pdf\" style=\"width:100%;height:600px\" aria-label=\"Iegult Partner\u012bbas Kaimi\u0146i Sabiedr\u012bbas virz\u012btas viet\u0113j\u0101s att\u012bst\u012bbas strat\u0113\u0123ija 2023.-2027.gadam.\"><\/object><a id=\"wp-block-file--media-92585d16-707b-48db-802b-5d6a79a4373d\" href=\"https:\/\/daugavpils.partneribas.lv\/wp-content\/uploads\/2025\/10\/Strategija_GROZIJUMI_26082025_GALA.pdf\">Partner\u012bbas Kaimi\u0146i Sabiedr\u012bbas virz\u012btas viet\u0113j\u0101s att\u012bst\u012bbas strat\u0113\u0123ija 2023.-2027.gadam<\/a><a href=\"https:\/\/daugavpils.partneribas.lv\/wp-content\/uploads\/2025\/10\/Strategija_GROZIJUMI_26082025_GALA.pdf\" class=\"wp-block-file__button wp-element-button\" download aria-describedby=\"wp-block-file--media-92585d16-707b-48db-802b-5d6a79a4373d\">Lejupiel\u0101d\u0113t<\/a><\/div>\n\n\n\n<h2 class=\"wp-block-heading\">Biedr\u012bbas \u201cPartner\u012bba \u201cKaimi\u0146i\u201d\u201d darb\u012bbas strat\u0113\u0123ija 2024. -2027.gadam<\/h2>\n\n\n\n<p>Biedr\u012bba \u201cPartner\u012bba \u201cKaimi\u0146i\u201d\u201d, kas darbojas k\u0101 Viet\u0113j\u0101 R\u012bc\u012bbas grupa Aug\u0161daugavas novada teritorij\u0101, ievie\u0161ot Partner\u012bbas \u201cKaimi\u0146i\u201d sabiedr\u012bbas virz\u012btas viet\u0113j\u0101s att\u012bst\u012bbas strat\u0113\u0123iju 2023.\u20132027. gadam V\u0112LAS virz\u012bties tuv\u0101k teritorijas v\u012bzijai \u201cDro\u0161a, sak\u0101rtota un dz\u012bvo\u0161anai labv\u0113l\u012bga lauku vide ar stipru Latgales un S\u0113lijas identit\u0101ti, kas rado\u0161i izmanto viet\u0113jos resursus teritorijas att\u012bst\u012bbai\u201d.<br>Paral\u0113li strat\u0113\u0123ijas \u012bsteno\u0161anai, biedr\u012bba \u012bsteno Pilsoniskas sabiedr\u012bbas un Demokr\u0101tiju stiprin\u0101\u0161anas iniciat\u012bvas da\u017e\u0101du projektu form\u0101t\u0101. \u0160is dokuments ir organiz\u0101cijas strat\u0113\u0123ija no 2024. l\u012bdz 2027. gadam, kas iez\u012bm\u0113 organiz\u0101cijas strat\u0113\u0123isk\u0101s priorit\u0101tes, k\u0101 ar\u012b darb\u012bbas virzienus.<\/p>\n\n\n\n<div data-wp-interactive=\"core\/file\" class=\"wp-block-file\"><object data-wp-bind--hidden=\"!state.hasPdfPreview\" hidden class=\"wp-block-file__embed\" data=\"https:\/\/daugavpils.partneribas.lv\/wp-content\/uploads\/2024\/09\/Kaimini_Strategija_2024_2027.pdf\" type=\"application\/pdf\" style=\"width:100%;height:200px\" aria-label=\"Iegult Kaimini_Strategija_2024_2027.\"><\/object><a id=\"wp-block-file--media-83e45570-7440-419f-a7fc-fcda6bd690be\" href=\"https:\/\/daugavpils.partneribas.lv\/wp-content\/uploads\/2024\/09\/Kaimini_Strategija_2024_2027.pdf\">Kaimini_Strategija_2024_2027<\/a><a href=\"https:\/\/daugavpils.partneribas.lv\/wp-content\/uploads\/2024\/09\/Kaimini_Strategija_2024_2027.pdf\" class=\"wp-block-file__button wp-element-button\" download aria-describedby=\"wp-block-file--media-83e45570-7440-419f-a7fc-fcda6bd690be\">Lejupiel\u0101d\u0113t<\/a><\/div>\n\n\n\n<h2 class=\"wp-block-heading\">Dienvidlatgales demokr\u0101tijas kult\u016bras un cilv\u0113kties\u012bbu att\u012bst\u012bbas strat\u0113\u0123iju 2020. \u2013 2026. gadam<\/h2>\n\n\n\n<p>2020.gad\u0101 biedr\u012bba \u201cDaugavpils un Il\u016bkstes novadu partner\u012bba \u201cKaimi\u0146i\u201d\u201d, biedr\u012bba \u201cKr\u0101slavas rajona partner\u012bba\u201d un biedr\u012bba \u201cPrei\u013cu rajona partner\u012bba\u201d nol\u0113ma apvienot savas iesp\u0113jas un izstr\u0101d\u0101t \u201cDienvidlatgales demokr\u0101tijas kult\u016bras un cilv\u0113kties\u012bbu att\u012bst\u012bbas strat\u0113\u0123iju 2020. \u2013 2026. gadam\u201d, lai apvienotu viet\u0113j\u0101m r\u012bc\u012bbas grup\u0101m pieejamos intelektu\u0101los un finansi\u0101los resursus un nodro\u0161in\u0101tu attiec\u012bbu stiprin\u0101\u0161anu starp pilsonisko sabiedr\u012bbu un cit\u0101m organiz\u0101cij\u0101m vis\u0101 Dienvidlatgales teritorij\u0101 vienoti.<\/p>\n\n\n\n<p>Dienvidlatgales viet\u0113jo r\u012bc\u012bbas grupu demokr\u0101tijas kult\u016bras <strong>v\u012bzija<\/strong>: piesaistot papildus finans\u0113jumu, veicin\u0101t biedr\u012bbu darb\u012bbas teritorijas demokr\u0101tijas kult\u016bras un pilsonisk\u0101s apzi\u0146as izaugsmi un ieviest jaunus pas\u0101kumus, aktivit\u0101tes Dienvidlatgales novadu teritoriju att\u012bst\u012bbai, dz\u012bves kvalit\u0101tes uzlabo\u0161anai, cilv\u0113kties\u012bbu aizst\u0101v\u012bbai un sadarb\u012bbai. Ar Dienvidlatgales demokr\u0101tijas kult\u016bras un cilv\u0113kties\u012bbu att\u012bst\u012bbas strat\u0113\u0123iju var iepaz\u012bties \u0161eit:&nbsp;<a href=\"https:\/\/daugavpils.partneribas.lv\/wp-content\/uploads\/2017\/07\/DDKC_attistibas_strategija_20200723-1.docx\">DDKC_attistibas_strategija_20200723 (1)<\/a><\/p>\n\n\n\n<hr class=\"wp-block-separator has-css-opacity\"\/>\n\n\n\n<p>Ar Zemkop\u012bbas ministrijas l\u0113mumu nr. 9.1-7e\/42\/2019 ir apstiprin\u0101ti groz\u012bjumi Daugavpils un Il\u016bkstes novadu partner\u012bbas &#8220;Kaimi\u0146i&#8221; sabiedr\u012bbas virz\u012bt\u0101 viet\u0113j\u0101s att\u012bst\u012bbas strat\u0113\u0123ij\u0101 un pie\u0161\u0137irts papildus finans\u0113jums strat\u0113\u0123ijas \u012bsteno\u0161anai.<\/p>\n\n\n\n<p>Ar ZM l\u0113mumu var iepaz\u012bties \u0161eit:&nbsp;<a href=\"https:\/\/daugavpils.partneribas.lv\/wp-content\/uploads\/2019\/04\/ZM_lemums.pdf\">ZM_lemums.pdf<\/a><\/p>\n\n\n\n<p>Ar atjaunoto SVVA strat\u0113\u0123iju var iepaz\u012bties \u0161eit:<\/p>\n\n\n\n<div class=\"wp-block-file\"><a id=\"wp-block-file--media-06549ca2-1894-4a70-862e-d1ea2049125e\" href=\"https:\/\/daugavpils.partneribas.lv\/wp-content\/uploads\/2021\/09\/Strategija_Kaimini_grozijumi_2021_GALA-3.pdf\">Strategija_Kaimini_grozijumi_2021_GALA-3<\/a><a href=\"https:\/\/daugavpils.partneribas.lv\/wp-content\/uploads\/2021\/09\/Strategija_Kaimini_grozijumi_2021_GALA-3.pdf\" class=\"wp-block-file__button wp-element-button\" download aria-describedby=\"wp-block-file--media-06549ca2-1894-4a70-862e-d1ea2049125e\">Lejupiel\u0101d\u0113t<\/a><\/div>\n\n\n\n<p>Sabiedr\u012bbas virz\u012btas viet\u0113j\u0101s att\u012bst\u012bbas strat\u0113\u0123ijas nov\u0113rt\u0113jums 2015.-2021.gadam:<\/p>\n\n\n\n<div data-wp-interactive=\"core\/file\" class=\"wp-block-file\"><object data-wp-bind--hidden=\"!state.hasPdfPreview\" hidden class=\"wp-block-file__embed\" data=\"https:\/\/daugavpils.partneribas.lv\/wp-content\/uploads\/2022\/11\/SVVA-nove\u0304rte\u0304jums-Kaimini_2022-1.pdf\" type=\"application\/pdf\" style=\"width:100%;height:200px\" aria-label=\"Iegult SVVA-nove\u0304rte\u0304jums-Kaimini_2022-1.\"><\/object><a id=\"wp-block-file--media-ef8f9314-d5e8-42b1-88e8-d691ded6596a\" href=\"https:\/\/daugavpils.partneribas.lv\/wp-content\/uploads\/2022\/11\/SVVA-nove\u0304rte\u0304jums-Kaimini_2022-1.pdf\">SVVA-nove\u0304rte\u0304jums-Kaimini_2022-1<\/a><a href=\"https:\/\/daugavpils.partneribas.lv\/wp-content\/uploads\/2022\/11\/SVVA-nove\u0304rte\u0304jums-Kaimini_2022-1.pdf\" class=\"wp-block-file__button wp-element-button\" download aria-describedby=\"wp-block-file--media-ef8f9314-d5e8-42b1-88e8-d691ded6596a\">Lejupiel\u0101d\u0113t<\/a><\/div>\n\n\n\n<p>Ar projektu iesniegumu v\u0113rt\u0113\u0161anas k\u0101rt\u012bbu bar iepaz\u012bties \u0161eit:&nbsp;<a href=\"https:\/\/daugavpils.partneribas.lv\/wp-content\/uploads\/2019\/04\/Vertesanas_kartiba.pdf\">Vertesanas_kartiba.pdf<\/a><\/p>\n\n\n\n<p>Ar projektu atbilst\u012bbas SVVA strat\u0113\u0123ijai l\u0113muma pie\u0146em\u0161anas padomes nolikumu var iepaz\u012bties \u0161eit:&nbsp;<a href=\"https:\/\/daugavpils.partneribas.lv\/wp-content\/uploads\/2019\/04\/SVVA_nolikums_Kaimini.pdf\">SVVA_nolikums_Kaimini.pdf<\/a><\/p>\n\n\n\n<div class=\"wp-block-file\"><a id=\"wp-block-file--media-c2d9220f-64d4-4e6a-8708-4229ef7cc18b\" href=\"https:\/\/daugavpils.partneribas.lv\/wp-content\/uploads\/2023\/08\/VRG_pasnovertejuma_anketa_2019_JAUNS-2.doc\">VRG_pasnovertejuma_anketa_2019_JAUNS-2<\/a><a href=\"https:\/\/daugavpils.partneribas.lv\/wp-content\/uploads\/2023\/08\/VRG_pasnovertejuma_anketa_2019_JAUNS-2.doc\" class=\"wp-block-file__button wp-element-button\" download aria-describedby=\"wp-block-file--media-c2d9220f-64d4-4e6a-8708-4229ef7cc18b\">Lejupiel\u0101d\u0113t<\/a><\/div>\n\n\n\n<div class=\"wp-block-file\"><a id=\"wp-block-file--media-fadcf819-99af-4e01-832f-113bdb8d64c0\" href=\"https:\/\/daugavpils.partneribas.lv\/wp-content\/uploads\/2023\/08\/VRG_pasnovertejuma_anketa_2020_JAUNS-1.doc\">VRG_pasnovertejuma_anketa_2020_JAUNS-1<\/a><a href=\"https:\/\/daugavpils.partneribas.lv\/wp-content\/uploads\/2023\/08\/VRG_pasnovertejuma_anketa_2020_JAUNS-1.doc\" class=\"wp-block-file__button wp-element-button\" download aria-describedby=\"wp-block-file--media-fadcf819-99af-4e01-832f-113bdb8d64c0\">Lejupiel\u0101d\u0113t<\/a><\/div>\n\n\n\n<div class=\"wp-block-file\"><a id=\"wp-block-file--media-e8b1b84e-b3e1-40ae-aca4-071b216311dc\" href=\"https:\/\/daugavpils.partneribas.lv\/wp-content\/uploads\/2023\/08\/VRG_pasnovertejuma_anketa_2021_JAUNS.doc\">VRG_pasnovertejuma_anketa_2021_JAUNS<\/a><a href=\"https:\/\/daugavpils.partneribas.lv\/wp-content\/uploads\/2023\/08\/VRG_pasnovertejuma_anketa_2021_JAUNS.doc\" class=\"wp-block-file__button wp-element-button\" download aria-describedby=\"wp-block-file--media-e8b1b84e-b3e1-40ae-aca4-071b216311dc\">Lejupiel\u0101d\u0113t<\/a><\/div>\n\n\n\n<div class=\"wp-block-file\"><a id=\"wp-block-file--media-6a96ab2d-97b0-4949-af15-8b838716aad7\" href=\"https:\/\/daugavpils.partneribas.lv\/wp-content\/uploads\/2023\/08\/VRG_pasnovertejuma_anketa_2022_JAUNS.doc\">VRG_pasnovertejuma_anketa_2022_JAUNS<\/a><a href=\"https:\/\/daugavpils.partneribas.lv\/wp-content\/uploads\/2023\/08\/VRG_pasnovertejuma_anketa_2022_JAUNS.doc\" class=\"wp-block-file__button wp-element-button\" download aria-describedby=\"wp-block-file--media-6a96ab2d-97b0-4949-af15-8b838716aad7\">Lejupiel\u0101d\u0113t<\/a><\/div>\n\n\n\n<hr class=\"wp-block-separator has-css-opacity\"\/>\n\n\n\n<p>Apstiprin\u0101ta biedr\u012bbas Daugavpils un Il\u016bkstes novadu partner\u012bba &#8220;Kaimi\u0146i&#8221; sabiedr\u012bbas virz\u012bta viet\u0113j\u0101s &nbsp;att\u012bst\u012bbas strat\u0113\u0123ija 2015.-2020. gadam<\/p>\n\n\n\n<p>Ar Zemkop\u012bbas ministrijas l\u0113mumu nr. 9.1-7\/25\/2016 ir apstiprin\u0101ta Daugavpils un Il\u016bkstes novadu partner\u012bbas &#8220;Kaimi\u0146i&#8221;sabiedr\u012bbas virz\u012bt\u0101 viet\u0113j\u0101s att\u012bst\u012bbas strat\u0113\u0123ija.<\/p>\n\n\n\n<p><strong>Ar apstiprin\u0101to strat\u0113\u0123iju var iepaz\u012bties<\/strong> <strong>te:<\/strong><\/p>\n\n\n\n<div class=\"wp-block-file\"><a id=\"wp-block-file--media-c60004c9-a060-475a-9487-9ef508cc2b07\" href=\"https:\/\/daugavpils.partneribas.lv\/wp-content\/uploads\/2022\/09\/Strategija_Kaimini_grozijumi_2021.docx\">Strategija_Kaimini_grozijumi_2021<\/a><a href=\"https:\/\/daugavpils.partneribas.lv\/wp-content\/uploads\/2022\/09\/Strategija_Kaimini_grozijumi_2021.docx\" class=\"wp-block-file__button wp-element-button\" download aria-describedby=\"wp-block-file--media-c60004c9-a060-475a-9487-9ef508cc2b07\">Lejupiel\u0101d\u0113t<\/a><\/div>\n\n\n\n<p><strong>V\u0113rt\u0113\u0161anas komisijas nolikums pieejams te<\/strong>:&nbsp;<a href=\"http:\/\/failiem.rothkocenter.com\/Katalogi\/Partneribas\/Strategija_Kaimini_Labojumi_GALA.docx\"><img loading=\"lazy\" decoding=\"async\" class=\"alignnone wp-image-318\" src=\"https:\/\/daugavpils.partneribas.lv\/wp-content\/uploads\/2017\/07\/lejupiel\u0101de.png\" alt=\"\" width=\"32\" height=\"32\" srcset=\"https:\/\/daugavpils.partneribas.lv\/wp-content\/uploads\/2017\/07\/lejupiel\u0101de.png 225w, https:\/\/daugavpils.partneribas.lv\/wp-content\/uploads\/2017\/07\/lejupiel\u0101de-150x150.png 150w\" sizes=\"auto, (max-width: 32px) 100vw, 32px\" \/><\/a>&nbsp;&nbsp;<a href=\"https:\/\/daugavpils.partneribas.lv\/wp-content\/uploads\/2017\/07\/Vertesanas_komisijas_Nolikums.docx\">Vertesanas_komisijas_Nolikums<\/a><\/p>\n\n\n\n<p><strong>Lauku att\u012bst\u012bba 2014.\u20132020.&nbsp;gad\u0101: <img loading=\"lazy\" decoding=\"async\" class=\"alignnone wp-image-998\" src=\"https:\/\/daugavpils.partneribas.lv\/wp-content\/uploads\/2017\/07\/internet_icon_1-300x300.png\" alt=\"\" width=\"35\" height=\"35\" srcset=\"https:\/\/daugavpils.partneribas.lv\/wp-content\/uploads\/2017\/07\/internet_icon_1-300x300.png 300w, https:\/\/daugavpils.partneribas.lv\/wp-content\/uploads\/2017\/07\/internet_icon_1-150x150.png 150w, https:\/\/daugavpils.partneribas.lv\/wp-content\/uploads\/2017\/07\/internet_icon_1.png 512w\" sizes=\"auto, (max-width: 35px) 100vw, 35px\" \/>&nbsp;<\/strong><a href=\"https:\/\/ec.europa.eu\/agriculture\/rural-development-2014-2020_lv\">https:\/\/ec.europa.eu\/agriculture\/rural-development-2014-2020_lv<\/a><\/p>\n\n\n\n<hr class=\"wp-block-separator has-css-opacity\"\/>\n\n\n\n<p>Daugavpils rajona partner\u012bba izstr\u0101d\u0101ja viet\u0113j\u0101s att\u012bst\u012bbas strat\u0113\u0123iju 2009.-2013.g. ar m\u0113r\u0137i sekm\u0113t integr\u0113tu lauku att\u012bst\u012bbu Daugavpils rajona teritorij\u0101 caur r\u012bc\u012bb\u0101m, kas veicina dz\u012bves kvalit\u0101tes uzlabo\u0161ana lauku iedz\u012bvot\u0101jiem, nodro\u0161ina iesp\u0113jami lab\u0101ku ilgtsp\u0113j\u012bgu dabas un kult\u016bras resursu izmanto\u0161anu, veicina uz\u0146\u0113m\u0113jdarb\u012bbas att\u012bst\u012bbu un ien\u0101kumu vairo\u0161anu, sekm\u0113 v\u0113rt\u012bbas pievieno\u0161anu viet\u0113jiem produktiem, tirgus pieejam\u012bbas un produkta noieta veicin\u0101\u0161anu.<\/p>\n\n\n\n<p>Daugavpils rajona partner\u012bbas att\u012bst\u012bbas strat\u0113\u0123ijas v\u012bzija ir izgl\u012btoti, akt\u012bvi lauku iedz\u012bvot\u0101ji, izveidoju\u0161i kop\u0113ju sapratni, veido integr\u0113tu lauku sabiedr\u012bbu. Kop\u0101 ar stipr\u0101m organiz\u0101cij\u0101m iek\u013caujas pla\u0161\u0101 partner\u012bbas t\u012bkl\u0101 un sadarbojas lauku att\u012bst\u012bbas procesu veicin\u0101\u0161an\u0101.<\/p>\n\n\n\n<p>Daugavpils rajona partner\u012bbas viet\u0113j\u0101s att\u012bst\u012bbas strat\u0113\u0123ijas izstr\u0101des virzienu pamat\u0101 ir vair\u0101kas b\u016btiskas probl\u0113mas, kuras partner\u012bba identific\u0113ja, regul\u0101ri analiz\u0113jot eso\u0161o situ\u0101ciju un aptauj\u0101jot viet\u0113j\u0101s lauku kopienas, iesaist\u012bt\u0101s instit\u016bcijas un m\u0113r\u0137a grupas: nesak\u0101rtota dz\u012bves vide laukos, ierobe\u017eota pakalpojumu pieejam\u012bba, zems soci\u0101l\u0101 kapit\u0101la att\u012bst\u012bbas l\u012bmenis, sadarb\u012bbas tr\u016bkums starp iedz\u012bvot\u0101ju grup\u0101m un pla\u0161s soci\u0101li atstumto grupu spektrs, v\u0101ji att\u012bst\u012bta uz\u0146\u0113m\u0113jdarb\u012bbas aktivit\u0101te laukos, ierobe\u017eota pieeja tirgiem, ierobe\u017eotas m\u016b\u017eizgl\u012bt\u012bbas iesp\u0113jas, neefekt\u012bva dabas un kult\u016bras resursu izmanto\u0161ana, zema iedz\u012bvot\u0101ju pirktsp\u0113ja, augsts bezdarba l\u012bmenis.<\/p>\n\n\n\n<p>\u0160o probl\u0113mu risin\u0101jums ir svar\u012bgs integr\u0113tas lauku att\u012bst\u012bbas nodro\u0161in\u0101\u0161anai, t\u0101p\u0113c Daugavpils rajona partner\u012bba noteica sekojo\u0161as att\u012bst\u012bbas strat\u0113\u0123ijas priorit\u0101tes:<\/p>\n\n\n\n<ol class=\"wp-block-list\">\n<li>Priorit\u0101te: Dz\u012bves kvalit\u0101tes uzlabo\u0161ana lauku iedz\u012bvot\u0101jiem.<\/li>\n\n\n\n<li>Priorit\u0101te: Dabas un kult\u016bras resursu ilgtsp\u0113j\u012bga izmanto\u0161ana.<\/li>\n\n\n\n<li>Priorit\u0101te: Uz\u0146\u0113m\u0113jdarb\u012bbas att\u012bst\u012bba.<\/li>\n\n\n\n<li>Priorit\u0101te: V\u0113rt\u012bbas pievieno\u0161ana viet\u0113jiem produktiem.<\/li>\n<\/ol>\n\n\n\n<hr class=\"wp-block-separator has-css-opacity\"\/>\n\n\n\n<p><strong>Saisto\u0161ie dokumenti:<\/strong><\/p>\n\n\n\n<ul class=\"wp-block-list\">\n<li><a href=\"http:\/\/failiem.rothkocenter.com\/Katalogi\/Partneribas\/Strategija_Kaimini_Labojumi_GALA.docx\"><img loading=\"lazy\" decoding=\"async\" class=\"alignnone wp-image-318\" src=\"https:\/\/daugavpils.partneribas.lv\/wp-content\/uploads\/2017\/07\/lejupiel\u0101de.png\" alt=\"\" width=\"32\" height=\"32\" srcset=\"https:\/\/daugavpils.partneribas.lv\/wp-content\/uploads\/2017\/07\/lejupiel\u0101de.png 225w, https:\/\/daugavpils.partneribas.lv\/wp-content\/uploads\/2017\/07\/lejupiel\u0101de-150x150.png 150w\" sizes=\"auto, (max-width: 32px) 100vw, 32px\" \/><\/a><a href=\"https:\/\/daugavpils.partneribas.lv\/wp-content\/uploads\/2017\/07\/DRP_strategija.doc\">DRP att\u012bst\u012bbas strat\u0113\u0123ija 2006-2008 (<span class=\"small\">4.04 MB<\/span>)&nbsp;<\/a><\/li>\n\n\n\n<li><a href=\"http:\/\/failiem.rothkocenter.com\/Katalogi\/Partneribas\/Strategija_Kaimini_Labojumi_GALA.docx\"><img loading=\"lazy\" decoding=\"async\" class=\"alignnone wp-image-318\" src=\"https:\/\/daugavpils.partneribas.lv\/wp-content\/uploads\/2017\/07\/lejupiel\u0101de.png\" alt=\"\" width=\"32\" height=\"32\" srcset=\"https:\/\/daugavpils.partneribas.lv\/wp-content\/uploads\/2017\/07\/lejupiel\u0101de.png 225w, https:\/\/daugavpils.partneribas.lv\/wp-content\/uploads\/2017\/07\/lejupiel\u0101de-150x150.png 150w\" sizes=\"auto, (max-width: 32px) 100vw, 32px\" \/><\/a><a href=\"https:\/\/daugavpils.partneribas.lv\/wp-content\/uploads\/2017\/07\/DAUGAVPILS_strat_plan.doc\">Daugavpils rajona nabadz\u012bbas un soci\u0101l\u0101s atstumt\u012bbas mazin\u0101\u0161anas strat\u0113\u0123iskais pl\u0101ns (<span class=\"small\">1.12 MB<\/span>)<\/a><\/li>\n\n\n\n<li><a href=\"http:\/\/failiem.rothkocenter.com\/Katalogi\/Partneribas\/Strategija_Kaimini_Labojumi_GALA.docx\"><img loading=\"lazy\" decoding=\"async\" width=\"32\" height=\"32\" class=\"alignnone wp-image-318\" src=\"https:\/\/daugavpils.partneribas.lv\/wp-content\/uploads\/2017\/07\/lejupiel\u0101de.png\" alt=\"\" srcset=\"https:\/\/daugavpils.partneribas.lv\/wp-content\/uploads\/2017\/07\/lejupiel\u0101de.png 225w, https:\/\/daugavpils.partneribas.lv\/wp-content\/uploads\/2017\/07\/lejupiel\u0101de-150x150.png 150w\" sizes=\"auto, (max-width: 32px) 100vw, 32px\" \/><\/a><a href=\"https:\/\/daugavpils.partneribas.lv\/images\/documents\/daugavpils_rajona_partenriba_strategija_2009_2013.doc\">Daugavpils rajona partner\u012bbas darb\u012bbas teritorijas viet\u0113j\u0101s att\u012bst\u012bbas strat\u0113\u0123ija 2009. &#8211; 2013. gada (<span class=\"small\">2.51 MB<\/span>)<\/a><\/li>\n<\/ul>\n","protected":false},"excerpt":{"rendered":"<p>Partner\u012bbas &#8220;Kaimi\u0146i&#8221; sabiedr\u012bbas virz\u012btas viet\u0113j\u0101s att\u012bst\u012bbas strat\u0113\u0123ija 2023.-2027.gadam Biedr\u012bbas \u201cPartner\u012bba \u201cKaimi\u0146i\u201d\u201d darb\u012bbas strat\u0113\u0123ija 2024. -2027.gadam Biedr\u012bba \u201cPartner\u012bba \u201cKaimi\u0146i\u201d\u201d, kas darbojas k\u0101 Viet\u0113j\u0101 R\u012bc\u012bbas grupa Aug\u0161daugavas novada teritorij\u0101, ievie\u0161ot Partner\u012bbas \u201cKaimi\u0146i\u201d sabiedr\u012bbas virz\u012btas viet\u0113j\u0101s att\u012bst\u012bbas strat\u0113\u0123iju 2023.\u20132027. gadam V\u0112LAS virz\u012bties tuv\u0101k teritorijas v\u012bzijai \u201cDro\u0161a, sak\u0101rtota un dz\u012bvo\u0161anai labv\u0113l\u012bga lauku vide ar stipru Latgales un S\u0113lijas identit\u0101ti, [&hellip;]<\/p>\n","protected":false},"author":1,"featured_media":0,"parent":0,"menu_order":0,"comment_status":"closed","ping_status":"closed","template":"","meta":{"footnotes":""},"class_list":["post-29","page","type-page","status-publish","hentry"],"_links":{"self":[{"href":"https:\/\/daugavpils.partneribas.lv\/index.php?rest_route=\/wp\/v2\/pages\/29","targetHints":{"allow":["GET"]}}],"collection":[{"href":"https:\/\/daugavpils.partneribas.lv\/index.php?rest_route=\/wp\/v2\/pages"}],"about":[{"href":"https:\/\/daugavpils.partneribas.lv\/index.php?rest_route=\/wp\/v2\/types\/page"}],"author":[{"embeddable":true,"href":"https:\/\/daugavpils.partneribas.lv\/index.php?rest_route=\/wp\/v2\/users\/1"}],"replies":[{"embeddable":true,"href":"https:\/\/daugavpils.partneribas.lv\/index.php?rest_route=%2Fwp%2Fv2%2Fcomments&post=29"}],"version-history":[{"count":41,"href":"https:\/\/daugavpils.partneribas.lv\/index.php?rest_route=\/wp\/v2\/pages\/29\/revisions"}],"predecessor-version":[{"id":4463,"href":"https:\/\/daugavpils.partneribas.lv\/index.php?rest_route=\/wp\/v2\/pages\/29\/revisions\/4463"}],"wp:attachment":[{"href":"https:\/\/daugavpils.partneribas.lv\/index.php?rest_route=%2Fwp%2Fv2%2Fmedia&parent=29"}],"curies":[{"name":"wp","href":"https:\/\/api.w.org\/{rel}","templated":true}]}}