{"id":23,"date":"2017-07-26T16:23:18","date_gmt":"2017-07-26T16:23:18","guid":{"rendered":"http:\/\/daugavpils.partneribas.lv\/?page_id=23"},"modified":"2023-08-21T15:36:16","modified_gmt":"2023-08-21T12:36:16","slug":"kopienu-koordinatori","status":"publish","type":"page","link":"https:\/\/daugavpils.partneribas.lv\/?page_id=23","title":{"rendered":"Kopienu koordinatori"},"content":{"rendered":"<p>Aug\u0161daugavas novada akt\u012bvie cilv\u0113ki da\u017e\u0101du projektu ietvaros ir apguvu\u0161i projektu sagatavo\u0161anas prasmes un iem\u0101c\u012bju\u0161ies t\u0101s izmantot savu ciematu att\u012bst\u012bbas darb\u0101. Vi\u0146i ir gatavi str\u0101d\u0101t kop\u0101 ar l\u012bdz\u012bgi dom\u0101jo\u0161iem cilv\u0113kiem, lai veidotu un labiek\u0101rtotu savu vidi.<\/p>\n<p>Kopienu koordinatora loma lauku att\u012bst\u012bbas veicin\u0101\u0161an\u0101:<\/p>\n<ul>\n<li>izveidot interesi par kopienu att\u012bst\u012bbu sav\u0101 teritorij\u0101 un iesaist\u012bt vispla\u0161\u0101ko iedz\u012bvot\u0101ju skaitu izv\u0113l\u0113taj\u0101 att\u012bst\u012bbas iniciat\u012bv\u0101, lai pan\u0101ktu sekm\u012bgu rezult\u0101tu;<\/li>\n<li>izveidot komunik\u0101cijas t\u012bklu sav\u0101 starp\u0101 un sadarb\u012bb\u0101 ar Daugavpils rajona partner\u012bbu;<\/li>\n<li>iesaist\u012bties dialog\u0101 ar Daugavpilsun Il\u016bkstes novadu partner\u012bbu, lai \u013cautu nov\u0113rt\u0113t strat\u0113\u0123iju, noskaidrot probl\u0113mjaut\u0101jumus un noteiktu priorit\u0101tes;<\/li>\n<li>atbalst\u012bt kopienu grupas aktu\u0101lu projektu sagatavo\u0161an\u0101.<\/li>\n<\/ul>\n","protected":false},"excerpt":{"rendered":"<p>Aug\u0161daugavas novada akt\u012bvie cilv\u0113ki da\u017e\u0101du projektu ietvaros ir apguvu\u0161i projektu sagatavo\u0161anas prasmes un iem\u0101c\u012bju\u0161ies t\u0101s izmantot savu ciematu att\u012bst\u012bbas darb\u0101. Vi\u0146i ir gatavi str\u0101d\u0101t kop\u0101 ar l\u012bdz\u012bgi dom\u0101jo\u0161iem cilv\u0113kiem, lai veidotu un labiek\u0101rtotu savu vidi. Kopienu koordinatora loma lauku att\u012bst\u012bbas veicin\u0101\u0161an\u0101: izveidot interesi par kopienu att\u012bst\u012bbu sav\u0101 teritorij\u0101 un iesaist\u012bt vispla\u0161\u0101ko iedz\u012bvot\u0101ju skaitu izv\u0113l\u0113taj\u0101 att\u012bst\u012bbas [&hellip;]<\/p>\n","protected":false},"author":1,"featured_media":0,"parent":0,"menu_order":0,"comment_status":"closed","ping_status":"closed","template":"","meta":{"footnotes":""},"class_list":["post-23","page","type-page","status-publish","hentry"],"_links":{"self":[{"href":"https:\/\/daugavpils.partneribas.lv\/index.php?rest_route=\/wp\/v2\/pages\/23","targetHints":{"allow":["GET"]}}],"collection":[{"href":"https:\/\/daugavpils.partneribas.lv\/index.php?rest_route=\/wp\/v2\/pages"}],"about":[{"href":"https:\/\/daugavpils.partneribas.lv\/index.php?rest_route=\/wp\/v2\/types\/page"}],"author":[{"embeddable":true,"href":"https:\/\/daugavpils.partneribas.lv\/index.php?rest_route=\/wp\/v2\/users\/1"}],"replies":[{"embeddable":true,"href":"https:\/\/daugavpils.partneribas.lv\/index.php?rest_route=%2Fwp%2Fv2%2Fcomments&post=23"}],"version-history":[{"count":4,"href":"https:\/\/daugavpils.partneribas.lv\/index.php?rest_route=\/wp\/v2\/pages\/23\/revisions"}],"predecessor-version":[{"id":3782,"href":"https:\/\/daugavpils.partneribas.lv\/index.php?rest_route=\/wp\/v2\/pages\/23\/revisions\/3782"}],"wp:attachment":[{"href":"https:\/\/daugavpils.partneribas.lv\/index.php?rest_route=%2Fwp%2Fv2%2Fmedia&parent=23"}],"curies":[{"name":"wp","href":"https:\/\/api.w.org\/{rel}","templated":true}]}}