{"id":21,"date":"2017-07-26T16:22:59","date_gmt":"2017-07-26T16:22:59","guid":{"rendered":"http:\/\/daugavpils.partneribas.lv\/?page_id=21"},"modified":"2025-11-03T16:29:44","modified_gmt":"2025-11-03T13:29:44","slug":"padome","status":"publish","type":"page","link":"https:\/\/daugavpils.partneribas.lv\/?page_id=21","title":{"rendered":"Padome"},"content":{"rendered":"<p>Partner\u012bbas \u201cKaimi\u0146i\u201d p\u0101rst\u0101vju konsultat\u012bvo l\u0113m\u0113jinstit\u016bciju veido PADOME, kas sast\u0101v ne vair\u0101k k\u0101 no 20 padomes locek\u013ciem, kuri, iev\u0113rojot l\u012bdzv\u0113rt\u012bgu sektoru p\u0101rst\u0101vniec\u012bbu, tiek iev\u0113l\u0113ti no pla\u0161\u0101kas partner\u012bbas. Tie ir vad\u012bt\u0101ji, kas p\u0101rst\u0101v pa\u0161vald\u012bbas, instit\u016bcijas, kas sniedz pakalpojumus, k\u0101 ar\u012b att\u012bst\u012bbu veicino\u0161\u0101s instit\u016bcijas, uz\u0146\u0113m\u0113ji un nevalstisk\u0101s organiz\u0101cijas.<\/p>\n<p><strong>Partner\u012bbas \u201cKaimi\u0146i\u201d padome:<\/strong><\/p>\n<ul>\n<li>veido Partner\u012bbu, kas ar savu darb\u012bbu un resursiem sp\u0113j pal\u012bdz\u0113t partner\u012bbas darb\u012bbas teritorijas iedz\u012bvot\u0101jiem uzlabot labkl\u0101j\u012bbas l\u012bmeni\/ celt dz\u012bves kvalit\u0101ti;<\/li>\n<li>apzina un atbalsta akt\u012bvos cilv\u0113kus un stimul\u0113 iedz\u012bvot\u0101jus da\u017e\u0101du m\u016bsdien\u0101s nepiecie\u0161amu prasmju apguvei;<\/li>\n<li>sekm\u0113 kopienu att\u012bst\u012bbu un veicina da\u017e\u0101du iedz\u012bvot\u0101ju grupu soci\u0101lo iek\u013cau\u0161anos;<\/li>\n<li>papla\u0161ina partner\u012bbu, iesaistot taj\u0101 da\u017e\u0101das viet\u0113j\u0101s instit\u016bcijas (skolas, bibliot\u0113kas, intere\u0161u klubus, uz\u0146\u0113m\u0113jus).<\/li>\n<\/ul>\n<p>Padome regul\u0101ri r\u012bko san\u0101ksmes, lai analiz\u0113tu pa\u0161reiz\u0113jo situ\u0101ciju, apspriestu pieejamos pakalpojumus, defin\u0113tu risin\u0101mos jaut\u0101jumus un priorit\u0101tes, uz kur\u0101m j\u0101koncentr\u0113 uzman\u012bba tuv\u0101kaj\u0101 laika posm\u0101.<\/p>\n<p><strong>Partner\u012bbas \u201cKaimi\u0146i\u201dpadomi veido: <\/strong><\/p>\n<p>Valsts iest\u0101des un pa\u0161vald\u012bbas:<\/p>\n<p>1. <strong>Aivars Ras\u010devskis<\/strong> &#8211; Partner\u012bbas \u201eKaimini\u201d padomes priek\u0161s\u0113d\u0113t\u0101js, Aug\u0161daugavas novada centr\u0101l\u0101 p\u0101rvalde, Novada pa\u0161vald\u012bbas domes priek\u0161s\u0113d\u0113t\u0101ja 1. vietnieks;<br \/>2. <strong>Vita R\u016bti\u0146a<\/strong> &#8211; Aug\u0161daugavas novada centr\u0101l\u0101 p\u0101rvalde, Att\u012bst\u012bbas p\u0101rvaldes vad\u012bt\u0101ja p\u0101rst\u0101v Pa\u0161vald\u012bbas\u00a0 intereses;<br \/>3. <strong>O\u013cesja \u0145ikitina<\/strong> &#8211; Aug\u0161daugavas novada centr\u0101l\u0101 p\u0101rvalde, Izgl\u012bt\u012bbas p\u0101rvaldes Jaunatnes lietu da\u013cas vad\u012bt\u0101ja, p\u0101rst\u0101v jaunie\u0161u un lauku sievie\u0161u interese;<\/p>\n<p>4. <strong>Anna Jegorova<\/strong> &#8211; Aug\u0161daugavas novada centr\u0101l\u0101 p\u0101rvalde, Soci\u0101l\u0101 dienesta vad\u012bt\u0101ja, p\u0101rst\u0101v pa\u0161vald\u012bbas un lauku sievie\u0161u intereses\u00a0<\/p>\n<p>5. <strong>J\u0101nis Proms<\/strong> &#8211; Vi\u0161\u0137u apvien\u012bbas p\u0101rvaldes vad\u012bt\u0101js, p\u0101rst\u0101v pa\u0161vald\u012bbas intereses<\/p>\n<p>6. <strong>Benita \u0160trausa<\/strong> &#8211; Bebrenes apvien\u012bbas p\u0101rvaldes vad\u012bt\u0101ja, p\u0101rst\u0101v pa\u0161vald\u012bbas un lauku sievie\u0161u intereses<\/p>\n<p>Att\u012bst\u012bbu veicino\u0161\u0101s iest\u0101des:<\/p>\n<p>7. <strong>Oskars Zu\u0123ickis<\/strong> &#8211; Latgales pl\u0101no\u0161anas re\u0123ions, p\u0101rst\u0101v re\u0123iona intereses<\/p>\n<p>8. <strong>J\u0101nis Kudi\u0146\u0161<\/strong> &#8211; Daugavpils Universit\u0101te, p\u0101rst\u0101v izgl\u012bt\u012bbas iest\u0101des intereses<\/p>\n<p>Uz\u0146\u0113m\u0113ji:<\/p>\n<p>9. <strong>Guntars Melnis<\/strong> &#8211; z\/s &#8220;Drava&#8221;, p\u0101rst\u0101v lauksaimnieku intereses<\/p>\n<p>10. <strong>Valdis Grebe\u017es<\/strong>\u00a0 &#8211; Amatu meistars keramik\u0101, p\u0101rst\u0101v amatnieku intereses<\/p>\n<p>11. <strong>I\u013cja Ivanovs<\/strong> &#8211; SIA &#8220;Kazanova&#8221;, p\u0101rst\u0101v uz\u0146\u0113m\u0113ju intereses<br \/>12.<strong> Ilm\u0101rs Lociks<\/strong> &#8211; SIA\u00a0 \u201eBeibuks\u201d, p\u0101rst\u0101v uz\u0146\u0113m\u0113ju intereses<br \/>13.<strong> Inese J\u0101kobsone<\/strong> &#8211; IK &#8220;Vi\u0161\u0137ezers&#8221;, Daugavpils novada uz\u0146\u0113ju padome, p\u0101rst\u0101v uz\u0146\u0113m\u0113ju un lauku sievie\u0161u intereses<\/p>\n<p>14. <strong>Maigurs Bru\u017eiks<\/strong> &#8211; TN &#8220;Kur\u0161i&#8221; veikala vad\u012bt\u0101js, p\u0101rst\u0101v uz\u0146\u0113m\u0113ju intereses\u00a0<\/p>\n<p>NVO, kopienas:<\/p>\n<p>15. <strong>Viktors Frili\u0146\u0161<\/strong> &#8211; Biedr\u012bba \u201cDaugavpils mednieku un mak\u0161\u0137ernieku biedr\u012bba\u201d, p\u0101rst\u0101v biedr\u012bbu intereses<br \/>16. <strong>Gunta Kivli\u0161a<\/strong> &#8211; Biedr\u012bba &#8220;Aug\u0161zemnieki&#8221; p\u0101rst\u0101v jaunie\u0161u un lauku sievie\u0161u intereses<\/p>\n<p>17. <strong>Juta Valaine<\/strong> &#8211; Biedr\u012bba &#8220;Jubra&#8221; p\u0101rst\u0101v jaunie\u0161u un lauku sievie\u0161u intereses<\/p>\n<p>18. <strong>Jolanta B\u0101ra<\/strong> &#8211; biedr\u012bba &#8220;Za\u013c\u0101 kr\u016bze&#8221;, p\u0101rst\u0101v biedr\u012bbu un lauku sievie\u0161u intereses<\/p>\n<p>19.<strong>Valdis Milti\u0146\u0161<\/strong> &#8211; Aug\u0161daugavas novada inval\u012bdu biedr\u012bba, p\u0101rst\u0101v biedr\u012bbu intereses.\u00a0<\/p>\n<p>Ar Padomes darb\u012bbu reglament\u0113jo\u0161u nolikumu var iepaz\u012bties \u0161eit:\u00a0<\/p>\n\n\n<div data-wp-interactive=\"core\/file\" class=\"wp-block-file\"><object data-wp-bind--hidden=\"!state.hasPdfPreview\" hidden class=\"wp-block-file__embed\" data=\"https:\/\/daugavpils.partneribas.lv\/wp-content\/uploads\/2023\/10\/Padomes_nolikums.pdf\" type=\"application\/pdf\" style=\"width:100%;height:200px\" aria-label=\"Iegult Padomes_nolikums.\"><\/object><a id=\"wp-block-file--media-8ebc3fd7-099e-4c6b-8bb0-855825b6b88c\" href=\"https:\/\/daugavpils.partneribas.lv\/wp-content\/uploads\/2023\/10\/Padomes_nolikums.pdf\">Padomes_nolikums<\/a><a href=\"https:\/\/daugavpils.partneribas.lv\/wp-content\/uploads\/2023\/10\/Padomes_nolikums.pdf\" class=\"wp-block-file__button wp-element-button\" download aria-describedby=\"wp-block-file--media-8ebc3fd7-099e-4c6b-8bb0-855825b6b88c\">Lejupiel\u0101d\u0113t<\/a><\/div>\n\n\n\n<div data-wp-interactive=\"core\/file\" class=\"wp-block-file\"><object data-wp-bind--hidden=\"!state.hasPdfPreview\" hidden class=\"wp-block-file__embed\" data=\"https:\/\/daugavpils.partneribas.lv\/wp-content\/uploads\/2024\/06\/SVVA_nolikums_kaimini_2024.pdf\" type=\"application\/pdf\" style=\"width:100%;height:200px\" aria-label=\"Iegult SVVA_nolikums_kaimini_2024.\"><\/object><a id=\"wp-block-file--media-e1c304e3-5e88-459a-855e-ac96da0022fc\" href=\"https:\/\/daugavpils.partneribas.lv\/wp-content\/uploads\/2024\/06\/SVVA_nolikums_kaimini_2024.pdf\">SVVA_nolikums_kaimini_2024<\/a><a href=\"https:\/\/daugavpils.partneribas.lv\/wp-content\/uploads\/2024\/06\/SVVA_nolikums_kaimini_2024.pdf\" class=\"wp-block-file__button wp-element-button\" download aria-describedby=\"wp-block-file--media-e1c304e3-5e88-459a-855e-ac96da0022fc\">Lejupiel\u0101d\u0113t<\/a><\/div>\n","protected":false},"excerpt":{"rendered":"<p>Partner\u012bbas \u201cKaimi\u0146i\u201d p\u0101rst\u0101vju konsultat\u012bvo l\u0113m\u0113jinstit\u016bciju veido PADOME, kas sast\u0101v ne vair\u0101k k\u0101 no 20 padomes locek\u013ciem, kuri, iev\u0113rojot l\u012bdzv\u0113rt\u012bgu sektoru p\u0101rst\u0101vniec\u012bbu, tiek iev\u0113l\u0113ti no pla\u0161\u0101kas partner\u012bbas. Tie ir vad\u012bt\u0101ji, kas p\u0101rst\u0101v pa\u0161vald\u012bbas, instit\u016bcijas, kas sniedz pakalpojumus, k\u0101 ar\u012b att\u012bst\u012bbu veicino\u0161\u0101s instit\u016bcijas, uz\u0146\u0113m\u0113ji un nevalstisk\u0101s organiz\u0101cijas. Partner\u012bbas \u201cKaimi\u0146i\u201d padome: veido Partner\u012bbu, kas ar savu darb\u012bbu un [&hellip;]<\/p>\n","protected":false},"author":3,"featured_media":0,"parent":0,"menu_order":0,"comment_status":"closed","ping_status":"closed","template":"","meta":{"footnotes":""},"class_list":["post-21","page","type-page","status-publish","hentry"],"_links":{"self":[{"href":"https:\/\/daugavpils.partneribas.lv\/index.php?rest_route=\/wp\/v2\/pages\/21","targetHints":{"allow":["GET"]}}],"collection":[{"href":"https:\/\/daugavpils.partneribas.lv\/index.php?rest_route=\/wp\/v2\/pages"}],"about":[{"href":"https:\/\/daugavpils.partneribas.lv\/index.php?rest_route=\/wp\/v2\/types\/page"}],"author":[{"embeddable":true,"href":"https:\/\/daugavpils.partneribas.lv\/index.php?rest_route=\/wp\/v2\/users\/3"}],"replies":[{"embeddable":true,"href":"https:\/\/daugavpils.partneribas.lv\/index.php?rest_route=%2Fwp%2Fv2%2Fcomments&post=21"}],"version-history":[{"count":13,"href":"https:\/\/daugavpils.partneribas.lv\/index.php?rest_route=\/wp\/v2\/pages\/21\/revisions"}],"predecessor-version":[{"id":4511,"href":"https:\/\/daugavpils.partneribas.lv\/index.php?rest_route=\/wp\/v2\/pages\/21\/revisions\/4511"}],"wp:attachment":[{"href":"https:\/\/daugavpils.partneribas.lv\/index.php?rest_route=%2Fwp%2Fv2%2Fmedia&parent=21"}],"curies":[{"name":"wp","href":"https:\/\/api.w.org\/{rel}","templated":true}]}}