{"id":1977,"date":"2021-02-23T11:57:16","date_gmt":"2021-02-23T08:57:16","guid":{"rendered":"http:\/\/daugavpils.partneribas.lv\/?page_id=1977"},"modified":"2023-01-25T16:44:23","modified_gmt":"2023-01-25T13:44:23","slug":"1977-2","status":"publish","type":"page","link":"https:\/\/daugavpils.partneribas.lv\/?page_id=1977","title":{"rendered":"Demokr\u0101tijas kult\u016bra"},"content":{"rendered":"\n<h2 class=\"wp-block-heading\"><strong>DIENVIDLATAGL\u0112 VEICIN\u0100S PILSONISKO L\u012aDZDAL\u012aBU UN DEMOKR\u0100TIJAS KULT\u016aRU<\/strong><\/h2>\n\n\n\n<figure class=\"wp-block-image size-large is-resized\"><img loading=\"lazy\" decoding=\"async\" src=\"https:\/\/daugavpils.partneribas.lv\/wp-content\/uploads\/2021\/05\/Active-citizens-fund-edited.png\" alt=\"\" class=\"wp-image-2170\" width=\"253\" height=\"88\" srcset=\"https:\/\/daugavpils.partneribas.lv\/wp-content\/uploads\/2021\/05\/Active-citizens-fund-edited.png 3336w, https:\/\/daugavpils.partneribas.lv\/wp-content\/uploads\/2021\/05\/Active-citizens-fund-edited-300x105.png 300w, https:\/\/daugavpils.partneribas.lv\/wp-content\/uploads\/2021\/05\/Active-citizens-fund-edited-1024x360.png 1024w, https:\/\/daugavpils.partneribas.lv\/wp-content\/uploads\/2021\/05\/Active-citizens-fund-edited-768x270.png 768w, https:\/\/daugavpils.partneribas.lv\/wp-content\/uploads\/2021\/05\/Active-citizens-fund-edited-1536x540.png 1536w, https:\/\/daugavpils.partneribas.lv\/wp-content\/uploads\/2021\/05\/Active-citizens-fund-edited-2048x720.png 2048w\" sizes=\"auto, (max-width: 253px) 100vw, 253px\" \/><\/figure>\n\n\n\n<p class=\"has-drop-cap\">\u0160\u012b gada janv\u0101r\u012b Daugavpils un Il\u016bkstes novadu partner\u012bba \u201cKaimi\u0146i\u201d parakst\u012bja finans\u0113juma l\u012bgumu ar \u201cAkt\u012bvo iedz\u012bvot\u0101ju fondu\u201d par projekta <strong>\u201cES Dienvidlatgal\u0113 varu\u201d<\/strong> finans\u0113\u0161anu.<\/p>\n\n\n\n<p>Projekta m\u0113r\u0137is ir veicin\u0101t pilsonisko izpratni un apzi\u0146u par Dienvidlatgales iedz\u012bvot\u0101ju l\u012bdzdal\u012bbas lomu un noz\u012bmi demokr\u0101tiskas Valsts att\u012bst\u012bba.<\/p>\n\n\n\n<p>Projekt\u0101 ir iesaist\u012bti \u010detri partneri &#8211; Daugavpils un Il\u016bkstes novadu partner\u012bba \u201cKaimi\u0146i\u201d, Kr\u0101slavas rajona partner\u012bba un Prei\u013cu rajona partner\u012bba, kuru darb\u012bbas teritorija aptver visu Dienvidlatagles teritoriju un kuras str\u0101d\u0101 un sadarbojas lai \u012bstenotu kop\u012bgas aktivit\u0101tes viet\u0113jo iedz\u012bvot\u0101ju pilsonisk\u0101s sabiedr\u012bbas un l\u012bdzdal\u012bbas stiprin\u0101\u0161anai, zin\u0101\u0161anu un izpratnes veicin\u0101\u0161anai par demokr\u0101tijas kult\u016bru un soci\u0101lo taisn\u012bgumu. Projekta donorvalsts partneris ir Norv\u0113\u0123u Henrihs Johansons uz\u0146\u0113mums, kas rad\u012bs iesp\u0113ju g\u016bt pieredzi demokr\u0101ijas kult\u016br\u0101 un pilsoniskaj\u0101 l\u012bdzdal\u012bb\u0101 Norv\u0113gij\u0101.<\/p>\n\n\n\n<p>Projekta aktivit\u0101tes v\u0113rstas uz \u201cDienvidlatagles demokr\u0101tijas kult\u016bras un cilv\u0113kties\u012bbu att\u012bst\u012bbas strat\u0113\u0123iju 2020.-2026. gadam\u201d un viet\u0113jo iedz\u012bvot\u0101ju izpratnes veido\u0161anu , ka laikos kopienas VAR!<\/p>\n\n\n\n<p>Projektu partneriem ir vair\u0101k k\u0101 piecpadsmit gadu pieredze darbam ar viet\u0113jiem iedz\u012bvot\u0101jiem, organiz\u0101cij\u0101m, uz\u0146\u0113m\u0113jiem un pa\u0161vald\u012bb\u0101m, kas dod zin\u0101mu pieredzi veidot vidi, lai motiv\u0113tu viet\u0113jos iedz\u012bvot\u0101jus iesaist\u012bties pilsonisk\u0101s sabiedr\u012bbas aktivit\u0101t\u0113s un uzlabot dz\u012bves kvalit\u0101ti sev un saviem \u0123imenes locek\u013ciem, veidot izpratni par l\u0113mumu pie\u0146em\u0161anu un l\u012bdzdal\u012bbas rezult\u0101tiem. T\u0101d\u0101 veid\u0101 paaugstinot zemo pilsonisko l\u012bdzdal\u012bbu Dienvidlatagles teritorij\u0101, mazinot netic\u012bbu sav\u0101m sp\u0113j\u0101m ietekm\u0113t demokr\u0101tiskus procesus un pilsonisk\u0101s izgl\u012bt\u012bbas tr\u016bkumu.<\/p>\n\n\n\n<p><strong>PROJEKTA GALVEN\u0100S AKTIVIT\u0100TES<\/strong><\/p>\n\n\n\n<ol class=\"wp-block-list\" type=\"1\"><li>Kopienu semin\u0101rs \u201cEs varu\u201d cikls.<\/li><li>\u0122imenes d\u0101rza sv\u0113tku cikls.<\/li><li>Viedok\u013cu festiv\u0101ls \u201cES Dienvidlatagl\u0113 varu\u201d.<\/li><li>Diskusija ar politi\u0137iem \u201cV\u0101rds laukiem\u201d.<\/li><li>Apm\u0101c\u012bbas jaunie\u0161iem \u201cAtv\u0113rt citas durvis\u201d<\/li><li>Pieredzes apmai\u0146a Norv\u0113\u0123ij\u0101.<\/li><\/ol>\n\n\n\n<p>Ir paredzami galvenie projekta rezult\u0101ti: pieaudzis to iedz\u012bvot\u0101ju skaists, kuri piedal\u0101s viet\u0113jo ilgtermi\u0146a att\u012bst\u012bbas dokumentu sabiedriskaj\u0101s apsprie\u0161an\u0101s vai darba grup\u0101s, veicin\u0101ta projekta aktivit\u0101\u0161u apmekl\u0113t\u0101ju izpratne par l\u0113mumu pie\u0146em\u0161anas procesiem un caurskat\u0101m\u012bbu, \u012bstenotas vienotas pilsonisk\u0101s aktivit\u0101tes vis\u0101 Dienvidlatagles teritorij\u0101.<\/p>\n\n\n\n<p><strong>PROJEKTA REAL\u012aZ\u0100CIJAS LAIKS<\/strong><\/p>\n\n\n\n<p>2021. gada janv\u0101ris 2023. gada janv\u0101ris<\/p>\n\n\n\n<p><strong>PROJEKTA KOP\u0112JAIS FINANS\u0112JUMS 97 373.34<\/strong> EUR<\/p>\n\n\n\n<p>Projektu \u201c<strong>Es Dienvidlatgal\u0113 varu<\/strong>!\u201d finans\u0113 Islande, Lihten\u0161teina un Norv\u0113\u0123ija caur EEZ un Norv\u0113\u0123ijas grantu programmu \u201cAkt\u012bvo iedz\u012bvot\u0101ju fonds&#8221;<\/p>\n\n\n\n<p><a href=\"https:\/\/www.facebook.com\/hashtag\/aktivoiedzivotajufonds?__eep__=6&amp;__cft__[0]=AZUA0vfwT8Mzgwmulvs8NWnz84h5oKEWZrCDEuSiSD7CdZpq5FIF0aqcdZyDUNU4SVOlFGaoHpQZ_Lq6jyOTCm7ytrMm-Wzh5vHtoBoiGuxbsjmD93-sdEmEZSAHNXdN1Ro79YHoTInCEQY-rmGM4fvWRs1CQePZd7ra6O13FQwLnuQ0dLkSs_lA7_TQ2jKpbdk&amp;__tn__=*NK-R\">#AktivoIedzivotajuFonds<\/a><a href=\"https:\/\/www.facebook.com\/hashtag\/activecitizensfund?__eep__=6&amp;__cft__[0]=AZUA0vfwT8Mzgwmulvs8NWnz84h5oKEWZrCDEuSiSD7CdZpq5FIF0aqcdZyDUNU4SVOlFGaoHpQZ_Lq6jyOTCm7ytrMm-Wzh5vHtoBoiGuxbsjmD93-sdEmEZSAHNXdN1Ro79YHoTInCEQY-rmGM4fvWRs1CQePZd7ra6O13FQwLnuQ0dLkSs_lA7_TQ2jKpbdk&amp;__tn__=*NK-R\">#ActiveCitizensFund<\/a><a href=\"https:\/\/www.facebook.com\/hashtag\/eeagrants?__eep__=6&amp;__cft__[0]=AZUA0vfwT8Mzgwmulvs8NWnz84h5oKEWZrCDEuSiSD7CdZpq5FIF0aqcdZyDUNU4SVOlFGaoHpQZ_Lq6jyOTCm7ytrMm-Wzh5vHtoBoiGuxbsjmD93-sdEmEZSAHNXdN1Ro79YHoTInCEQY-rmGM4fvWRs1CQePZd7ra6O13FQwLnuQ0dLkSs_lA7_TQ2jKpbdk&amp;__tn__=*NK-R\">#EEAgrants<\/a><a href=\"https:\/\/www.facebook.com\/hashtag\/eeagrantslatvia?__eep__=6&amp;__cft__[0]=AZUA0vfwT8Mzgwmulvs8NWnz84h5oKEWZrCDEuSiSD7CdZpq5FIF0aqcdZyDUNU4SVOlFGaoHpQZ_Lq6jyOTCm7ytrMm-Wzh5vHtoBoiGuxbsjmD93-sdEmEZSAHNXdN1Ro79YHoTInCEQY-rmGM4fvWRs1CQePZd7ra6O13FQwLnuQ0dLkSs_lA7_TQ2jKpbdk&amp;__tn__=*NK-R\">#EEAgrantsLatvia<\/a><a href=\"https:\/\/www.facebook.com\/hashtag\/demokratijaskultura?__eep__=6&amp;__cft__[0]=AZVoEGI8QL7mF9XSW6vWKvZYlTVv_fMEl8Jo5QKT0b25e2s9x9yt6GJV4ZGMOZxlJ4Spv86DkXQYRxfvn4EspcAv-ejxBHERr3ITK2R1V-CFtXNJ_fPjYqwK2hh6HmvVjiQ&amp;__tn__=*NK-R\">#demokratijaskultura<\/a> <a href=\"https:\/\/www.facebook.com\/hashtag\/esdienvidlatgalevaru?__eep__=6&amp;__cft__[0]=AZVoEGI8QL7mF9XSW6vWKvZYlTVv_fMEl8Jo5QKT0b25e2s9x9yt6GJV4ZGMOZxlJ4Spv86DkXQYRxfvn4EspcAv-ejxBHERr3ITK2R1V-CFtXNJ_fPjYqwK2hh6HmvVjiQ&amp;__tn__=*NK-R\">#esDienvidlatgalevaru<\/a><\/p>\n\n\n\n<h2 class=\"wp-block-heading\"><\/h2>\n","protected":false},"excerpt":{"rendered":"<p>DIENVIDLATAGL\u0112 VEICIN\u0100S PILSONISKO L\u012aDZDAL\u012aBU UN DEMOKR\u0100TIJAS KULT\u016aRU \u0160\u012b gada janv\u0101r\u012b Daugavpils un Il\u016bkstes novadu partner\u012bba \u201cKaimi\u0146i\u201d parakst\u012bja finans\u0113juma l\u012bgumu ar \u201cAkt\u012bvo iedz\u012bvot\u0101ju fondu\u201d par projekta \u201cES Dienvidlatgal\u0113 varu\u201d finans\u0113\u0161anu. Projekta m\u0113r\u0137is ir veicin\u0101t pilsonisko izpratni un apzi\u0146u par Dienvidlatgales iedz\u012bvot\u0101ju l\u012bdzdal\u012bbas lomu un noz\u012bmi demokr\u0101tiskas Valsts att\u012bst\u012bba. Projekt\u0101 ir iesaist\u012bti \u010detri partneri &#8211; Daugavpils un [&hellip;]<\/p>\n","protected":false},"author":2,"featured_media":0,"parent":0,"menu_order":0,"comment_status":"closed","ping_status":"closed","template":"","meta":{"footnotes":""},"class_list":["post-1977","page","type-page","status-publish","hentry"],"_links":{"self":[{"href":"https:\/\/daugavpils.partneribas.lv\/index.php?rest_route=\/wp\/v2\/pages\/1977","targetHints":{"allow":["GET"]}}],"collection":[{"href":"https:\/\/daugavpils.partneribas.lv\/index.php?rest_route=\/wp\/v2\/pages"}],"about":[{"href":"https:\/\/daugavpils.partneribas.lv\/index.php?rest_route=\/wp\/v2\/types\/page"}],"author":[{"embeddable":true,"href":"https:\/\/daugavpils.partneribas.lv\/index.php?rest_route=\/wp\/v2\/users\/2"}],"replies":[{"embeddable":true,"href":"https:\/\/daugavpils.partneribas.lv\/index.php?rest_route=%2Fwp%2Fv2%2Fcomments&post=1977"}],"version-history":[{"count":11,"href":"https:\/\/daugavpils.partneribas.lv\/index.php?rest_route=\/wp\/v2\/pages\/1977\/revisions"}],"predecessor-version":[{"id":3585,"href":"https:\/\/daugavpils.partneribas.lv\/index.php?rest_route=\/wp\/v2\/pages\/1977\/revisions\/3585"}],"wp:attachment":[{"href":"https:\/\/daugavpils.partneribas.lv\/index.php?rest_route=%2Fwp%2Fv2%2Fmedia&parent=1977"}],"curies":[{"name":"wp","href":"https:\/\/api.w.org\/{rel}","templated":true}]}}