{"id":19,"date":"2017-07-26T16:22:35","date_gmt":"2017-07-26T16:22:35","guid":{"rendered":"http:\/\/daugavpils.partneribas.lv\/?page_id=19"},"modified":"2023-10-03T22:22:19","modified_gmt":"2023-10-03T19:22:19","slug":"par-mums","status":"publish","type":"page","link":"https:\/\/daugavpils.partneribas.lv\/?page_id=19","title":{"rendered":"Par Mums"},"content":{"rendered":"<p>Biedr\u012bba \u201eDaugavpils rajona partner\u012bba\u201d ir nomain\u012bjusi savu nosaukumu uz \u201eDaugavpils un Il\u016bkstes novadu partner\u012bba \u201eKaimi\u0146i\u201d\u201d (26.03.2009. Kopsapulces l\u0113mums). Kop\u0161 2022.gada 10.augusta biedr\u012bbas nosaukums ir &#8220;Partner\u012bba &#8220;Kaimi\u0146i&#8221;.&nbsp;<\/p>\n<p>Organiz\u0101cijas darb\u012bbas teritorija aptver visu Aug\u0161daugavas novadu un ietilpst Latgales pl\u0101no\u0161anas re\u0123ion\u0101, bet t\u0101 kult\u016brv\u0113sturisk\u0101 pieder\u012bba ir Latgalei un S\u0113lijai. Aug\u0161daugavas novads izveidots ar 2021. gada 1. j\u016bliju, tas sast\u0101v no biju\u0161aj\u0101m Daugavpils novada un Il\u016bkstes novada pa\u0161vald\u012bb\u0101m.<\/p>\n<p><strong>Daugavpils rajona partner\u012bba ir organiz\u0101cija<\/strong>, kas izveidota 2001.gad\u0101 ar m\u0113r\u0137i mazin\u0101t nabadz\u012bbu un soci\u0101lo atstumt\u012bbu Daugavpils rajona teritorij\u0101, \u012bstenojot lauku un viet\u0113j\u0101s att\u012bst\u012bbas pas\u0101kumus, k\u0101 ar\u012b veicinot pilsoniskas sabiedr\u012bbas veido\u0161anos. T\u0101 ir re\u0123istr\u0113ta LR Uz\u0146\u0113mumu re\u0123istr\u0101 2003.gada 15.apr\u012bl\u012b k\u0101 nevalstiska organiz\u0101cija.<\/p>\n<p>Biedr\u012bbai &#8220;Daugavpils un Il\u016bkstes novadu partner\u012bba &#8220;Kaimi\u0146i&#8221;&#8221;ir sabiedrisk\u0101 labuma organiz\u0101cijas statuss kop\u0161 2006.gada 7.augusta.<\/p>\n<p><strong>Misija:<\/strong><br>Veidot uz \u0123imenes v\u0113rt\u012bb\u0101m balst\u012btu iedz\u012bvot\u0101ju att\u012bst\u012bbu rosino\u0161u vidi Daugavpils rajon\u0101, att\u012bst\u012bt kopienas un to kapacit\u0101ti.<\/p>\n<p><strong>V\u012bzija: <\/strong><br>Izgl\u012btoti, akt\u012bvi lauku iedz\u012bvot\u0101ji, izveidoju\u0161i kop\u0113ju sapratni, veido integr\u0113tu lauku sabiedr\u012bbu, kop\u0101 ar stipr\u0101m organiz\u0101cij\u0101m iek\u013caujas pla\u0161\u0101 partner\u012bbas t\u012bkl\u0101 un sadarbojas lauku att\u012bst\u012bbas procesa veicin\u0101\u0161an\u0101.<\/p>\n<p><strong>Priorit\u0101tes:<\/strong><\/p>\n<ul>\n<li>\u201eGaismas ol\u016bti\u201d un br\u012bvpr\u0101t\u012bg\u0101 darba presti\u017ea paaugstin\u0101\u0161ana,<\/li>\n<li>Sadarb\u012bbas t\u012bkla papla\u0161in\u0101\u0161ana,<\/li>\n<li>Daudzveid\u012bgu kopienu att\u012bst\u012b\u0161ana,<\/li>\n<li>Kopienu l\u012bdzdal\u012bba viet\u0113j\u0101s att\u012bst\u012bbas politikas veido\u0161an\u0101,<\/li>\n<li>Inform\u0101cija un pieredzes apmai\u0146a un populariz\u0113\u0161ana.<\/li>\n<\/ul>\n<p>Horizont\u0101l\u0101s priorit\u0101tes, kas raksturo visu Daugavpils rajona partner\u012bbas darb\u012bbu:<br>Individu\u0101la pieeja un iedz\u012bvot\u0101ju iesaist\u012b\u0161ana;<br>Darb\u012bbas pamats \u2013 cilv\u0113kiem atbilsto\u0161as v\u0113rt\u012bbas.<\/p>\n<p>Partner\u012bba sav\u0101 darb\u012bb\u0101 izvirza sekojo\u0161u galvenos <strong>uzdevumus:<\/strong><\/p>\n<ul>\n<li>veicin\u0101t viet\u0113jo kopienu iniciat\u012bvas, kas v\u0113rtas uz lauku probl\u0113mu risin\u0101\u0161anu.<\/li>\n<li>izmantojot sabiedr\u012bbas l\u012bdzdal\u012bbas principus, izstr\u0101d\u0101t strat\u0113\u0123ijas ilgtsp\u0113j\u012bgai lauku att\u012bst\u012bbai un nodro\u0161in\u0101t to \u012bsteno\u0161anu;<\/li>\n<li>att\u012bst\u012bt kopienu kapacit\u0101ti Daugavpils rajon\u0101;<\/li>\n<li>veidot darba grupas un koal\u012bcijas lauku att\u012bst\u012bbas jaut\u0101jumu risin\u0101\u0161an\u0101 viet\u0113j\u0101, re\u0123ion\u0101l\u0101, nacion\u0101l\u0101 un starptautisk\u0101 l\u012bmen\u012b;<\/li>\n<li>koordin\u0113t un piesaist\u012bt finansi\u0101los, materi\u0101los, intelektu\u0101los un cita veida resursus Partner\u012bbas m\u0113r\u0137a sasnieg\u0161anai;<\/li>\n<li>att\u012bst\u012bt sadarb\u012bbu ar \u0101rvalstu un Latvijas Republikas valsts, pa\u0161vald\u012bbu un nevalstiskaj\u0101m organiz\u0101cij\u0101m, uz\u0146\u0113mumiem un cit\u0101m leg\u0101l\u0101m instit\u016bcij\u0101m, veicinot lauku att\u012bst\u012bbu Daugavpils rajon\u0101.<\/li>\n<\/ul>\n<hr>\n<h2><strong>Saisto\u0161ie dokumenti:<\/strong><\/h2>\n\n\n<div class=\"wp-block-file\"><a id=\"wp-block-file--media-1066db9e-0150-47cb-bcfe-f7f05b9da0d3\" href=\"https:\/\/daugavpils.partneribas.lv\/wp-content\/uploads\/2023\/08\/Statuti_Kaimini_10082022-1.doc\">Statuti_Kaimini_10082022<\/a><a href=\"https:\/\/daugavpils.partneribas.lv\/wp-content\/uploads\/2023\/08\/Statuti_Kaimini_10082022-1.doc\" class=\"wp-block-file__button wp-element-button\" download aria-describedby=\"wp-block-file--media-1066db9e-0150-47cb-bcfe-f7f05b9da0d3\">Lejupiel\u0101d\u0113t<\/a><\/div>\n\n\n\n<div class=\"wp-block-file\"><a id=\"wp-block-file--media-7cf5015a-1649-4dbc-8368-4e802a0aa709\" href=\"https:\/\/daugavpils.partneribas.lv\/wp-content\/uploads\/2023\/08\/Biedribas_biedru_saraksts_2023-1.doc\">Biedribas_biedru_saraksts_2023<\/a><a href=\"https:\/\/daugavpils.partneribas.lv\/wp-content\/uploads\/2023\/08\/Biedribas_biedru_saraksts_2023-1.doc\" class=\"wp-block-file__button wp-element-button\" download aria-describedby=\"wp-block-file--media-7cf5015a-1649-4dbc-8368-4e802a0aa709\">Lejupiel\u0101d\u0113t<\/a><\/div>\n\n\n\n<h2 class=\"wp-block-heading\">Vizu\u0101l\u0101 identit\u0101te: <\/h2>\n\n\n\n<div class=\"wp-block-file\"><a id=\"wp-block-file--media-2eb1e7bd-0c1f-4950-9d37-15d5025534fb\" href=\"https:\/\/daugavpils.partneribas.lv\/wp-content\/uploads\/2023\/08\/PK-krasains.png\">PK-krasains<\/a><a href=\"https:\/\/daugavpils.partneribas.lv\/wp-content\/uploads\/2023\/08\/PK-krasains.png\" class=\"wp-block-file__button wp-element-button\" download aria-describedby=\"wp-block-file--media-2eb1e7bd-0c1f-4950-9d37-15d5025534fb\">Lejupiel\u0101d\u0113t<\/a><\/div>\n","protected":false},"excerpt":{"rendered":"<p>Biedr\u012bba \u201eDaugavpils rajona partner\u012bba\u201d ir nomain\u012bjusi savu nosaukumu uz \u201eDaugavpils un Il\u016bkstes novadu partner\u012bba \u201eKaimi\u0146i\u201d\u201d (26.03.2009. Kopsapulces l\u0113mums). Kop\u0161 2022.gada 10.augusta biedr\u012bbas nosaukums ir &#8220;Partner\u012bba &#8220;Kaimi\u0146i&#8221;.&nbsp; Organiz\u0101cijas darb\u012bbas teritorija aptver visu Aug\u0161daugavas novadu un ietilpst Latgales pl\u0101no\u0161anas re\u0123ion\u0101, bet t\u0101 kult\u016brv\u0113sturisk\u0101 pieder\u012bba ir Latgalei un S\u0113lijai. Aug\u0161daugavas novads izveidots ar 2021. gada 1. j\u016bliju, tas [&hellip;]<\/p>\n","protected":false},"author":1,"featured_media":0,"parent":0,"menu_order":0,"comment_status":"closed","ping_status":"closed","template":"","meta":{"footnotes":""},"class_list":["post-19","page","type-page","status-publish","hentry"],"_links":{"self":[{"href":"https:\/\/daugavpils.partneribas.lv\/index.php?rest_route=\/wp\/v2\/pages\/19","targetHints":{"allow":["GET"]}}],"collection":[{"href":"https:\/\/daugavpils.partneribas.lv\/index.php?rest_route=\/wp\/v2\/pages"}],"about":[{"href":"https:\/\/daugavpils.partneribas.lv\/index.php?rest_route=\/wp\/v2\/types\/page"}],"author":[{"embeddable":true,"href":"https:\/\/daugavpils.partneribas.lv\/index.php?rest_route=\/wp\/v2\/users\/1"}],"replies":[{"embeddable":true,"href":"https:\/\/daugavpils.partneribas.lv\/index.php?rest_route=%2Fwp%2Fv2%2Fcomments&post=19"}],"version-history":[{"count":15,"href":"https:\/\/daugavpils.partneribas.lv\/index.php?rest_route=\/wp\/v2\/pages\/19\/revisions"}],"predecessor-version":[{"id":3836,"href":"https:\/\/daugavpils.partneribas.lv\/index.php?rest_route=\/wp\/v2\/pages\/19\/revisions\/3836"}],"wp:attachment":[{"href":"https:\/\/daugavpils.partneribas.lv\/index.php?rest_route=%2Fwp%2Fv2%2Fmedia&parent=19"}],"curies":[{"name":"wp","href":"https:\/\/api.w.org\/{rel}","templated":true}]}}